{"id":692,"date":"2021-06-30T21:22:21","date_gmt":"2021-06-30T21:22:21","guid":{"rendered":"https:\/\/petinka.com\/product\/mini-kasten\/"},"modified":"2024-08-23T14:13:41","modified_gmt":"2024-08-23T14:13:41","slug":"mini-kasten","status":"publish","type":"product","link":"https:\/\/petinka.com\/de\/produkt\/mini-kasten\/","title":{"rendered":"Mini-Kasten"},"content":{"rendered":"","protected":false},"excerpt":{"rendered":"<p>Auch wenn sie klein ist, steckt sie voller \u00dcberraschungen! Im diesen Mini-Holzkasten sind ein blaues und ein gelbes Teil versteckt. Sie schm\u00fcckt nicht nur Ihre Ready to Activity-Wand, sondern Ihre Kinder trainieren damit auch ihre motorischen F\u00e4higkeiten und lernen Farben. \ud83d\udfe6\ud83d\udfe8<\/p>\n\t<section class=\"section\" id=\"section_1769173450\">\n\t\t<div class=\"bg section-bg fill bg-fill  bg-loaded\" >\n\n\t\t\t\n\t\t\t\n\t\t\t\n\n\t\t<\/div>\n\n\t\t\n\n\t\t<div class=\"section-content relative\">\n\t\t\t\n\n\n\n\t\t<\/div>\n\n\t\t\n<style>\n#section_1769173450 {\n  padding-top: 0px;\n  padding-bottom: 0px;\n}\n#section_1769173450 .ux-shape-divider--top svg {\n  height: 150px;\n  --divider-top-width: 100%;\n}\n#section_1769173450 .ux-shape-divider--bottom svg {\n  height: 150px;\n  --divider-width: 100%;\n}\n<\/style>\n\t<\/section>\n\t\n","protected":false},"featured_media":2144,"comment_status":"open","ping_status":"closed","template":"","meta":[],"product_brand":[],"product_cat":[32],"product_tag":[],"class_list":{"0":"post-692","1":"product","2":"type-product","3":"status-publish","4":"has-post-thumbnail","6":"product_cat-montessori-spielzeug","8":"first","9":"instock","10":"taxable","11":"shipping-taxable","12":"purchasable","13":"product-type-simple"},"_links":{"self":[{"href":"https:\/\/petinka.com\/de\/wp-json\/wp\/v2\/product\/692","targetHints":{"allow":["GET"]}}],"collection":[{"href":"https:\/\/petinka.com\/de\/wp-json\/wp\/v2\/product"}],"about":[{"href":"https:\/\/petinka.com\/de\/wp-json\/wp\/v2\/types\/product"}],"replies":[{"embeddable":true,"href":"https:\/\/petinka.com\/de\/wp-json\/wp\/v2\/comments?post=692"}],"wp:featuredmedia":[{"embeddable":true,"href":"https:\/\/petinka.com\/de\/wp-json\/wp\/v2\/media\/2144"}],"wp:attachment":[{"href":"https:\/\/petinka.com\/de\/wp-json\/wp\/v2\/media?parent=692"}],"wp:term":[{"taxonomy":"product_brand","embeddable":true,"href":"https:\/\/petinka.com\/de\/wp-json\/wp\/v2\/product_brand?post=692"},{"taxonomy":"product_cat","embeddable":true,"href":"https:\/\/petinka.com\/de\/wp-json\/wp\/v2\/product_cat?post=692"},{"taxonomy":"product_tag","embeddable":true,"href":"https:\/\/petinka.com\/de\/wp-json\/wp\/v2\/product_tag?post=692"}],"curies":[{"name":"wp","href":"https:\/\/api.w.org\/{rel}","templated":true}]}}