{"id":680,"date":"2021-06-30T21:47:56","date_gmt":"2021-06-30T21:47:56","guid":{"rendered":"https:\/\/petinka.com\/product\/zahnrad\/"},"modified":"2024-08-23T14:12:13","modified_gmt":"2024-08-23T14:12:13","slug":"zahnrad","status":"publish","type":"product","link":"https:\/\/petinka.com\/de\/produkt\/zahnrad\/","title":{"rendered":"Zahnrad"},"content":{"rendered":"","protected":false},"excerpt":{"rendered":"<p>Jedes Kind wei\u00df, dass Mechanik Spa\u00df macht! Mit diesem Zahnrad aus Holz entwickeln die Kinder ihre motorischen sowie k\u00f6rperlichen F\u00e4higkeiten und erforschen die Zusammenh\u00e4nge der physikalischen Gesetze. Werden auch die Vatis mitmachen? \u2699\ufe0f<\/p>\n\t<section class=\"section\" id=\"section_407752568\">\n\t\t<div class=\"bg section-bg fill bg-fill  bg-loaded\" >\n\n\t\t\t\n\t\t\t\n\t\t\t\n\n\t\t<\/div>\n\n\t\t\n\n\t\t<div class=\"section-content relative\">\n\t\t\t\n\n\n\n\t\t<\/div>\n\n\t\t\n<style>\n#section_407752568 {\n  padding-top: 0px;\n  padding-bottom: 0px;\n}\n#section_407752568 .ux-shape-divider--top svg {\n  height: 150px;\n  --divider-top-width: 100%;\n}\n#section_407752568 .ux-shape-divider--bottom svg {\n  height: 150px;\n  --divider-width: 100%;\n}\n<\/style>\n\t<\/section>\n\t\n","protected":false},"featured_media":625,"comment_status":"open","ping_status":"closed","template":"","meta":[],"product_brand":[],"product_cat":[32],"product_tag":[],"class_list":{"0":"post-680","1":"product","2":"type-product","3":"status-publish","4":"has-post-thumbnail","6":"product_cat-montessori-spielzeug","8":"first","9":"instock","10":"taxable","11":"shipping-taxable","12":"purchasable","13":"product-type-variable"},"_links":{"self":[{"href":"https:\/\/petinka.com\/de\/wp-json\/wp\/v2\/product\/680","targetHints":{"allow":["GET"]}}],"collection":[{"href":"https:\/\/petinka.com\/de\/wp-json\/wp\/v2\/product"}],"about":[{"href":"https:\/\/petinka.com\/de\/wp-json\/wp\/v2\/types\/product"}],"replies":[{"embeddable":true,"href":"https:\/\/petinka.com\/de\/wp-json\/wp\/v2\/comments?post=680"}],"wp:featuredmedia":[{"embeddable":true,"href":"https:\/\/petinka.com\/de\/wp-json\/wp\/v2\/media\/625"}],"wp:attachment":[{"href":"https:\/\/petinka.com\/de\/wp-json\/wp\/v2\/media?parent=680"}],"wp:term":[{"taxonomy":"product_brand","embeddable":true,"href":"https:\/\/petinka.com\/de\/wp-json\/wp\/v2\/product_brand?post=680"},{"taxonomy":"product_cat","embeddable":true,"href":"https:\/\/petinka.com\/de\/wp-json\/wp\/v2\/product_cat?post=680"},{"taxonomy":"product_tag","embeddable":true,"href":"https:\/\/petinka.com\/de\/wp-json\/wp\/v2\/product_tag?post=680"}],"curies":[{"name":"wp","href":"https:\/\/api.w.org\/{rel}","templated":true}]}}