{"id":676,"date":"2021-06-30T21:57:09","date_gmt":"2021-06-30T21:57:09","guid":{"rendered":"https:\/\/petinka.com\/product\/ersatzglaskugel-35-mm\/"},"modified":"2024-08-23T14:11:57","modified_gmt":"2024-08-23T14:11:57","slug":"ersatzholzkugel-35-mm","status":"publish","type":"product","link":"https:\/\/petinka.com\/de\/produkt\/ersatzholzkugel-35-mm\/","title":{"rendered":"Ersatzholzkugel f\u00fcr kleine Kugelbahn (35 mm)"},"content":{"rendered":"<p><span data-sheets-value=\"{&quot;1&quot;:2,&quot;2&quot;:&quot;Dank der Ersatzholzkugel f\u00fcr die kleine Kugelbahn k\u00f6nnen die Kleinen ihre Feinmotorik trainieren. Alle Montessori-Spielzeuge ansehen...&quot;}\" data-sheets-userformat=\"{&quot;2&quot;:769,&quot;3&quot;:{&quot;1&quot;:0},&quot;11&quot;:4,&quot;12&quot;:0}\">Dank der Ersatzholzkugel f\u00fcr die kleine Kugelbahn k\u00f6nnen die Kleinen ihre Feinmotorik trainieren.<\/span><\/p>\n","protected":false},"excerpt":{"rendered":"<p>M\u00f6chten Ihre Kinder ihre Kugelbahn verbessern? Kein Problem, Sie k\u00f6nnen jederzeit so viele Holz- (oder Glas-) Kugeln f\u00fcr die Achterbahn besorgen, wie Sie brauchen!<\/p>\n<p>Ersatzholzkugel (35 mm) <strong>f\u00fcr die kleine Kugelbahn.<\/strong><\/p>\n\t<section class=\"section\" id=\"section_304029450\">\n\t\t<div class=\"bg section-bg fill bg-fill  bg-loaded\" >\n\n\t\t\t\n\t\t\t\n\t\t\t\n\n\t\t<\/div>\n\n\t\t\n\n\t\t<div class=\"section-content relative\">\n\t\t\t\n\n\n\n\t\t<\/div>\n\n\t\t\n<style>\n#section_304029450 {\n  padding-top: 0px;\n  padding-bottom: 0px;\n}\n#section_304029450 .ux-shape-divider--top svg {\n  height: 150px;\n  --divider-top-width: 100%;\n}\n#section_304029450 .ux-shape-divider--bottom svg {\n  height: 150px;\n  --divider-width: 100%;\n}\n<\/style>\n\t<\/section>\n\t\n","protected":false},"featured_media":618,"comment_status":"open","ping_status":"closed","template":"","meta":[],"product_brand":[],"product_cat":[32],"product_tag":[],"class_list":{"0":"post-676","1":"product","2":"type-product","3":"status-publish","4":"has-post-thumbnail","6":"product_cat-montessori-spielzeug","8":"first","9":"instock","10":"taxable","11":"shipping-taxable","12":"purchasable","13":"product-type-simple"},"_links":{"self":[{"href":"https:\/\/petinka.com\/de\/wp-json\/wp\/v2\/product\/676","targetHints":{"allow":["GET"]}}],"collection":[{"href":"https:\/\/petinka.com\/de\/wp-json\/wp\/v2\/product"}],"about":[{"href":"https:\/\/petinka.com\/de\/wp-json\/wp\/v2\/types\/product"}],"replies":[{"embeddable":true,"href":"https:\/\/petinka.com\/de\/wp-json\/wp\/v2\/comments?post=676"}],"wp:featuredmedia":[{"embeddable":true,"href":"https:\/\/petinka.com\/de\/wp-json\/wp\/v2\/media\/618"}],"wp:attachment":[{"href":"https:\/\/petinka.com\/de\/wp-json\/wp\/v2\/media?parent=676"}],"wp:term":[{"taxonomy":"product_brand","embeddable":true,"href":"https:\/\/petinka.com\/de\/wp-json\/wp\/v2\/product_brand?post=676"},{"taxonomy":"product_cat","embeddable":true,"href":"https:\/\/petinka.com\/de\/wp-json\/wp\/v2\/product_cat?post=676"},{"taxonomy":"product_tag","embeddable":true,"href":"https:\/\/petinka.com\/de\/wp-json\/wp\/v2\/product_tag?post=676"}],"curies":[{"name":"wp","href":"https:\/\/api.w.org\/{rel}","templated":true}]}}