{"id":675,"date":"2021-06-30T21:59:18","date_gmt":"2021-06-30T21:59:18","guid":{"rendered":"https:\/\/petinka.com\/product\/ersatzglaskugel-25mm\/"},"modified":"2024-08-23T14:11:56","modified_gmt":"2024-08-23T14:11:56","slug":"ersatzglaskugel-25mm","status":"publish","type":"product","link":"https:\/\/petinka.com\/de\/produkt\/ersatzglaskugel-25mm\/","title":{"rendered":"Ersatzglaskugel f\u00fcr gro\u00dfe Kugelbahn (25mm)"},"content":{"rendered":"<p><span data-sheets-value=\"{&quot;1&quot;:2,&quot;2&quot;:&quot;Dank der Ersatzglaskugel f\u00fcr die gro\u00dfe Kugelbahn k\u00f6nnen die Kleinen ihre Feinmotorik trainieren. Alle Montessori-Spielzeuge ansehen...&quot;}\" data-sheets-userformat=\"{&quot;2&quot;:769,&quot;3&quot;:{&quot;1&quot;:0},&quot;11&quot;:4,&quot;12&quot;:0}\">Dank der Ersatzglaskugel f\u00fcr die gro\u00dfe Kugelbahn k\u00f6nnen die Kleinen ihre Feinmotorik trainieren.\u00a0<\/span><\/p>\n","protected":false},"excerpt":{"rendered":"<p>Sch\u00f6ne kleine Glaskugeln zur Dekoration der Holzachterbahnen Ihrer Kinder. Holen Sie sich mehrere und lassen Sie sie zusammen mit den h\u00f6lzernen hinunterlaufen!<\/p>\n<p>Ersatzglaskugel <strong>mit 25 mm Durchmesser f\u00fcr eine gro\u00dfe Kugelbahn<\/strong>.<\/p>\n\t<section class=\"section\" id=\"section_449259840\">\n\t\t<div class=\"bg section-bg fill bg-fill  bg-loaded\" >\n\n\t\t\t\n\t\t\t\n\t\t\t\n\n\t\t<\/div>\n\n\t\t\n\n\t\t<div class=\"section-content relative\">\n\t\t\t\n\n\n\n\t\t<\/div>\n\n\t\t\n<style>\n#section_449259840 {\n  padding-top: 0px;\n  padding-bottom: 0px;\n}\n#section_449259840 .ux-shape-divider--top svg {\n  height: 150px;\n  --divider-top-width: 100%;\n}\n#section_449259840 .ux-shape-divider--bottom svg {\n  height: 150px;\n  --divider-width: 100%;\n}\n<\/style>\n\t<\/section>\n\t\n","protected":false},"featured_media":619,"comment_status":"open","ping_status":"closed","template":"","meta":[],"product_brand":[],"product_cat":[32],"product_tag":[],"class_list":{"0":"post-675","1":"product","2":"type-product","3":"status-publish","4":"has-post-thumbnail","6":"product_cat-montessori-spielzeug","8":"first","9":"instock","10":"taxable","11":"shipping-taxable","12":"purchasable","13":"product-type-simple"},"_links":{"self":[{"href":"https:\/\/petinka.com\/de\/wp-json\/wp\/v2\/product\/675","targetHints":{"allow":["GET"]}}],"collection":[{"href":"https:\/\/petinka.com\/de\/wp-json\/wp\/v2\/product"}],"about":[{"href":"https:\/\/petinka.com\/de\/wp-json\/wp\/v2\/types\/product"}],"replies":[{"embeddable":true,"href":"https:\/\/petinka.com\/de\/wp-json\/wp\/v2\/comments?post=675"}],"wp:featuredmedia":[{"embeddable":true,"href":"https:\/\/petinka.com\/de\/wp-json\/wp\/v2\/media\/619"}],"wp:attachment":[{"href":"https:\/\/petinka.com\/de\/wp-json\/wp\/v2\/media?parent=675"}],"wp:term":[{"taxonomy":"product_brand","embeddable":true,"href":"https:\/\/petinka.com\/de\/wp-json\/wp\/v2\/product_brand?post=675"},{"taxonomy":"product_cat","embeddable":true,"href":"https:\/\/petinka.com\/de\/wp-json\/wp\/v2\/product_cat?post=675"},{"taxonomy":"product_tag","embeddable":true,"href":"https:\/\/petinka.com\/de\/wp-json\/wp\/v2\/product_tag?post=675"}],"curies":[{"name":"wp","href":"https:\/\/api.w.org\/{rel}","templated":true}]}}