{"id":670,"date":"2021-12-16T11:02:29","date_gmt":"2021-12-16T11:02:29","guid":{"rendered":"https:\/\/petinka.com\/product\/petinka-light-lernturm-natural\/"},"modified":"2025-09-19T13:32:50","modified_gmt":"2025-09-19T13:32:50","slug":"petinka-light-natureller-lernturm","status":"publish","type":"product","link":"https:\/\/petinka.com\/de\/produkt\/petinka-light-natureller-lernturm\/","title":{"rendered":"PETINKA LIGHT natureller Lernturm"},"content":{"rendered":"<p data-start=\"386\" data-end=\"663\">Der <strong data-start=\"390\" data-end=\"424\">PETINKA Premium Light Lernturm<\/strong> ist einer der sichersten und vielseitigsten Lernt\u00fcrme auf dem Markt. Er \u00fcberzeugt durch ein durchdachtes Sicherheitskonzept mit vier rundum sch\u00fctzenden W\u00e4nden und eignet sich selbst f\u00fcr sehr junge Kinder, die bereits sicher stehen k\u00f6nnen.<\/p>\n<p data-start=\"665\" data-end=\"1018\">Was diesen <strong data-start=\"676\" data-end=\"700\">nat\u00fcrlichen Lernturm<\/strong> besonders macht, ist die verstellbare Sicherheitsstufe. Die seitlichen Schutzw\u00e4nde lassen sich einfach abnehmen oder wieder anbringen \u2013 ganz nach dem Entwicklungsstand des Kindes. So kann dein Kind \u00fcber die seitlichen Leitern eigenst\u00e4ndig ein- und aussteigen \u2013 mit genau so viel Unterst\u00fctzung, wie es gerade ben\u00f6tigt.<\/p>\n<p data-start=\"1020\" data-end=\"1252\">Im Gegensatz zu vielen anderen Modellen ist der PETINKA Lernturm mit verbreiterten, stabilisierenden Standf\u00fc\u00dfen ausgestattet. Diese sorgen f\u00fcr maximale Stabilit\u00e4t und verhindern ein Kippen \u2013 selbst bei aktiver Bewegung oder Neigung.<\/p>\n<p data-start=\"1254\" data-end=\"1486\">Die Plattform l\u00e4sst sich in drei H\u00f6hen verstellen (44 cm, 30 cm, 17 cm), wodurch der Turm mit deinem Kind mitw\u00e4chst. Auf der R\u00fcckseite befindet sich eine praktische Kreidetafel, die kreatives Spielen und funktionales Design vereint.<\/p>\n<p data-start=\"1488\" data-end=\"1511\"><strong data-start=\"1488\" data-end=\"1511\">Technische Details:<\/strong><\/p>\n<ul data-start=\"1513\" data-end=\"1640\">\n<li data-start=\"1513\" data-end=\"1538\">\n<p data-start=\"1515\" data-end=\"1538\">Ma\u00dfe: 90 \u00d7 60 \u00d7 50 cm<\/p>\n<\/li>\n<li data-start=\"1539\" data-end=\"1557\">\n<p data-start=\"1541\" data-end=\"1557\">Gewicht: 13 kg<\/p>\n<\/li>\n<li data-start=\"1558\" data-end=\"1593\">\n<p data-start=\"1560\" data-end=\"1593\">Plattformh\u00f6hen: 17 \/ 30 \/ 44 cm<\/p>\n<\/li>\n<li data-start=\"1594\" data-end=\"1640\">\n<p data-start=\"1596\" data-end=\"1640\">Material: klar lackiertes Birken-Sperrholz<\/p>\n<\/li>\n<\/ul>\n<p data-start=\"1642\" data-end=\"1670\"><strong data-start=\"1642\" data-end=\"1670\">Warum Eltern ihn lieben:<\/strong><\/p>\n<ul data-start=\"1672\" data-end=\"1951\">\n<li data-start=\"1672\" data-end=\"1720\">\n<p data-start=\"1674\" data-end=\"1720\">Einer der sichersten Lernt\u00fcrme auf dem Markt<\/p>\n<\/li>\n<li data-start=\"1721\" data-end=\"1784\">\n<p data-start=\"1723\" data-end=\"1784\">Wahrscheinlich der einzige mit anpassbarer Sicherheitsstufe<\/p>\n<\/li>\n<li data-start=\"1785\" data-end=\"1826\">\n<p data-start=\"1787\" data-end=\"1826\">Extrem stabil durch verbreiterte F\u00fc\u00dfe<\/p>\n<\/li>\n<li data-start=\"1827\" data-end=\"1888\">\n<p data-start=\"1829\" data-end=\"1888\">F\u00f6rdert Selbstst\u00e4ndigkeit und aktives Mithelfen im Alltag<\/p>\n<\/li>\n<li data-start=\"1889\" data-end=\"1951\">\n<p data-start=\"1891\" data-end=\"1951\">Mit Kreidetafel auf der R\u00fcckseite f\u00fcr spielerisches Lernen<\/p>\n<\/li>\n<\/ul>\n<p>&nbsp;<\/p>\n","protected":false},"excerpt":{"rendered":"<p><strong>PETINKA LIGHT natureller Lernturm<\/strong> hat vier Sicherheitsw\u00e4nde und ist daher f\u00fcr die j\u00fcngsten Kinder gedacht, die bereits alleine stehen k\u00f6nnen. Die seitlichen Sicherheitsw\u00e4nde k\u00f6nnen sp\u00e4ter einfach abgelegt werden und das Kind kann \u00fcber eine Leiter auf beiden Seiten frei in den Turm herauf- und herunterkommen.<\/p>\n\t<section class=\"section\" id=\"section_887651661\">\n\t\t<div class=\"bg section-bg fill bg-fill  bg-loaded\" >\n\n\t\t\t\n\t\t\t\n\t\t\t\n\n\t\t<\/div>\n\n\t\t\n\n\t\t<div class=\"section-content relative\">\n\t\t\t\n\n\n\n\t\t<\/div>\n\n\t\t\n<style>\n#section_887651661 {\n  padding-top: 0px;\n  padding-bottom: 0px;\n}\n#section_887651661 .ux-shape-divider--top svg {\n  height: 150px;\n  --divider-top-width: 100%;\n}\n#section_887651661 .ux-shape-divider--bottom svg {\n  height: 150px;\n  --divider-width: 100%;\n}\n<\/style>\n\t<\/section>\n\t\n","protected":false},"featured_media":2323,"comment_status":"open","ping_status":"closed","template":"","meta":[],"product_brand":[],"product_cat":[34],"product_tag":[],"class_list":{"0":"post-670","1":"product","2":"type-product","3":"status-publish","4":"has-post-thumbnail","6":"product_cat-lernturme","8":"first","9":"instock","10":"taxable","11":"shipping-taxable","12":"purchasable","13":"product-type-simple"},"_links":{"self":[{"href":"https:\/\/petinka.com\/de\/wp-json\/wp\/v2\/product\/670","targetHints":{"allow":["GET"]}}],"collection":[{"href":"https:\/\/petinka.com\/de\/wp-json\/wp\/v2\/product"}],"about":[{"href":"https:\/\/petinka.com\/de\/wp-json\/wp\/v2\/types\/product"}],"replies":[{"embeddable":true,"href":"https:\/\/petinka.com\/de\/wp-json\/wp\/v2\/comments?post=670"}],"wp:featuredmedia":[{"embeddable":true,"href":"https:\/\/petinka.com\/de\/wp-json\/wp\/v2\/media\/2323"}],"wp:attachment":[{"href":"https:\/\/petinka.com\/de\/wp-json\/wp\/v2\/media?parent=670"}],"wp:term":[{"taxonomy":"product_brand","embeddable":true,"href":"https:\/\/petinka.com\/de\/wp-json\/wp\/v2\/product_brand?post=670"},{"taxonomy":"product_cat","embeddable":true,"href":"https:\/\/petinka.com\/de\/wp-json\/wp\/v2\/product_cat?post=670"},{"taxonomy":"product_tag","embeddable":true,"href":"https:\/\/petinka.com\/de\/wp-json\/wp\/v2\/product_tag?post=670"}],"curies":[{"name":"wp","href":"https:\/\/api.w.org\/{rel}","templated":true}]}}