{"id":668,"date":"2021-12-16T11:04:34","date_gmt":"2022-02-23T10:01:37","guid":{"rendered":"https:\/\/petinka.com\/?post_type=product&#038;p=668"},"modified":"2024-08-23T14:11:36","modified_gmt":"2024-08-23T14:11:36","slug":"petinka-light-dunkelbrauner-lernturm","status":"publish","type":"product","link":"https:\/\/petinka.com\/de\/produkt\/petinka-light-dunkelbrauner-lernturm\/","title":{"rendered":"PETINKA LIGHT dunkelbrauner Lernturm"},"content":{"rendered":"<p><strong>PETINKA LIGHT dunkelbrauner Lernturm<\/strong> hat vier Sicherheitsw\u00e4nde und ist daher f\u00fcr die j\u00fcngsten Kinder gedacht, die bereits alleine stehen k\u00f6nnen. Die seitlichen Sicherheitsw\u00e4nde k\u00f6nnen sp\u00e4ter einfach abgelegt werden und das Kind kann \u00fcber eine Leiter auf beiden Seiten frei in den Turm herauf- und herunterkommen.<\/p>\n<p>Der Turm ist h\u00f6henverstellbar (3 Ebenen).<\/p>\n<p>An der R\u00fcckwand befindet sich eine Kreidetafel.<\/p>\n<p>Die PETINKA Light Version ist ein Turm mit vier abnehmbaren Sicherheitsw\u00e4nden.<\/p>\n<p>Die Qualit\u00e4t und Funktionalit\u00e4t sind gleich wie bei der Petinka PREMIUM Version, nur die R\u00fcckwand ist eine gro\u00dfe Kreidetafel. Auf Anfrage k\u00f6nnen wir die R\u00fcckwand aus reinem Holz produzieren.<\/p>\n","protected":false},"excerpt":{"rendered":"<p><strong>PETINKA LIGHT dunkelbrauner Lernturm<\/strong> hat vier Sicherheitsw\u00e4nde und ist daher f\u00fcr die j\u00fcngsten Kinder gedacht, die bereits alleine stehen k\u00f6nnen. Die seitlichen Sicherheitsw\u00e4nde k\u00f6nnen sp\u00e4ter einfach abgelegt werden und das Kind kann \u00fcber eine Leiter auf beiden Seiten frei in den Turm herauf- und herunterkommen.<\/p>\n\t<section class=\"section\" id=\"section_1359321321\">\n\t\t<div class=\"bg section-bg fill bg-fill  bg-loaded\" >\n\n\t\t\t\n\t\t\t\n\t\t\t\n\n\t\t<\/div>\n\n\t\t\n\n\t\t<div class=\"section-content relative\">\n\t\t\t\n\n\n\n\t\t<\/div>\n\n\t\t\n<style>\n#section_1359321321 {\n  padding-top: 0px;\n  padding-bottom: 0px;\n}\n#section_1359321321 .ux-shape-divider--top svg {\n  height: 150px;\n  --divider-top-width: 100%;\n}\n#section_1359321321 .ux-shape-divider--bottom svg {\n  height: 150px;\n  --divider-width: 100%;\n}\n<\/style>\n\t<\/section>\n\t\n","protected":false},"featured_media":2319,"comment_status":"open","ping_status":"closed","template":"","meta":[],"product_brand":[],"product_cat":[34],"product_tag":[],"class_list":{"0":"post-668","1":"product","2":"type-product","3":"status-publish","4":"has-post-thumbnail","6":"product_cat-lernturme","8":"first","9":"instock","10":"taxable","11":"shipping-taxable","12":"purchasable","13":"product-type-simple"},"_links":{"self":[{"href":"https:\/\/petinka.com\/de\/wp-json\/wp\/v2\/product\/668","targetHints":{"allow":["GET"]}}],"collection":[{"href":"https:\/\/petinka.com\/de\/wp-json\/wp\/v2\/product"}],"about":[{"href":"https:\/\/petinka.com\/de\/wp-json\/wp\/v2\/types\/product"}],"replies":[{"embeddable":true,"href":"https:\/\/petinka.com\/de\/wp-json\/wp\/v2\/comments?post=668"}],"wp:featuredmedia":[{"embeddable":true,"href":"https:\/\/petinka.com\/de\/wp-json\/wp\/v2\/media\/2319"}],"wp:attachment":[{"href":"https:\/\/petinka.com\/de\/wp-json\/wp\/v2\/media?parent=668"}],"wp:term":[{"taxonomy":"product_brand","embeddable":true,"href":"https:\/\/petinka.com\/de\/wp-json\/wp\/v2\/product_brand?post=668"},{"taxonomy":"product_cat","embeddable":true,"href":"https:\/\/petinka.com\/de\/wp-json\/wp\/v2\/product_cat?post=668"},{"taxonomy":"product_tag","embeddable":true,"href":"https:\/\/petinka.com\/de\/wp-json\/wp\/v2\/product_tag?post=668"}],"curies":[{"name":"wp","href":"https:\/\/api.w.org\/{rel}","templated":true}]}}