{"id":2938,"date":"2025-12-25T14:29:58","date_gmt":"2025-12-25T14:29:58","guid":{"rendered":"https:\/\/petinka.com\/?post_type=product&#038;p=2938"},"modified":"2025-12-25T14:42:31","modified_gmt":"2025-12-25T14:42:31","slug":"montessori-regal-fuer-kinder","status":"publish","type":"product","link":"https:\/\/petinka.com\/de\/produkt\/montessori-regal-fuer-kinder\/","title":{"rendered":"Montessori Regal f\u00fcr Kinder"},"content":{"rendered":"<hr data-start=\"1151\" data-end=\"1154\" \/>\n<p data-start=\"1156\" data-end=\"1338\"><strong data-start=\"1156\" data-end=\"1187\">Montessori Regal f\u00fcr Kinder<\/strong> wurde entwickelt, um Selbstst\u00e4ndigkeit, Konzentration und Ordnung zu f\u00f6rdern, indem Spielzeug in begrenzter Anzahl und auf Augenh\u00f6he pr\u00e4sentiert wird.<\/p>\n<p data-start=\"1340\" data-end=\"1646\">Kinder haben ein nat\u00fcrliches Bed\u00fcrfnis nach \u00dcbersicht, Struktur und der Freiheit, selbstst\u00e4ndig zu w\u00e4hlen. Das Montessori Regal von Petinka basiert auf den Prinzipien der Montessori-P\u00e4dagogik und unterst\u00fctzt die nat\u00fcrliche Entwicklung, Aufmerksamkeit und Unabh\u00e4ngigkeit von Kindern bereits im fr\u00fchen Alter.<\/p>\n<p data-start=\"1648\" data-end=\"1945\">Anstelle \u00fcberf\u00fcllter Spielzeugkisten zeigt das Regal nur eine ausgew\u00e4hlte Anzahl an Spielsachen und Aktivit\u00e4ten, die f\u00fcr Kinder leicht sichtbar und erreichbar sind. Dadurch f\u00fchlen sich Kinder ruhiger, werden weniger \u00fcberreizt und k\u00f6nnen sich l\u00e4nger und intensiver mit einer T\u00e4tigkeit besch\u00e4ftigen.<\/p>\n<p data-start=\"1947\" data-end=\"2183\">Das Regal eignet sich ideal zur <strong data-start=\"1979\" data-end=\"2001\">Spielzeug-Rotation<\/strong>. Eltern k\u00f6nnen die Inhalte regelm\u00e4\u00dfig an Alter und Entwicklungsstand des Kindes anpassen, sodass das Spielen abwechslungsreich bleibt \u2013 ganz ohne st\u00e4ndig neue Spielsachen zu kaufen.<\/p>\n<p data-start=\"2185\" data-end=\"2385\"><strong data-start=\"2185\" data-end=\"2220\">Das Montessori Regal f\u00fcr Kinder<\/strong> ist ideal f\u00fcr Montessori-inspirierte Haushalte, Kinderg\u00e4rten und Spielbereiche, in denen selbstst\u00e4ndiges Lernen und eine ruhige Spielumgebung im Mittelpunkt stehen.<\/p>\n<h3 data-start=\"2387\" data-end=\"2434\">Vorteile des Montessori Regals von Petinka:<\/h3>\n<ul data-start=\"2435\" data-end=\"2706\">\n<li data-start=\"2435\" data-end=\"2484\">\n<p data-start=\"2437\" data-end=\"2484\">f\u00f6rdert Selbstst\u00e4ndigkeit und Selbstvertrauen<\/p>\n<\/li>\n<li data-start=\"2485\" data-end=\"2528\">\n<p data-start=\"2487\" data-end=\"2528\">reduziert Reiz\u00fcberflutung und Unordnung<\/p>\n<\/li>\n<li data-start=\"2529\" data-end=\"2587\">\n<p data-start=\"2531\" data-end=\"2587\">unterst\u00fctzt Ordnungssinn und Verantwortungsbewusstsein<\/p>\n<\/li>\n<li data-start=\"2588\" data-end=\"2656\">\n<p data-start=\"2590\" data-end=\"2656\">geeignet f\u00fcr Kinderzimmer, Montessori-Haushalte und Kinderg\u00e4rten<\/p>\n<\/li>\n<li data-start=\"2657\" data-end=\"2706\">\n<p data-start=\"2659\" data-end=\"2706\">hochwertige Verarbeitung und zeitloses Design<\/p>\n<\/li>\n<\/ul>\n<p data-start=\"2708\" data-end=\"2939\">Das Montessori Regal von Petinka ist mehr als nur ein M\u00f6belst\u00fcck \u2013 es ist ein praktisches Werkzeug zur Gestaltung einer ruhigen, strukturierten und entwicklungsf\u00f6rdernden Umgebung, in der Kinder nat\u00fcrlich lernen und wachsen k\u00f6nnen.<\/p>\n","protected":false},"excerpt":{"rendered":"<p>Montessori Regal f\u00fcr Kinder wurde entwickelt, um Selbstst\u00e4ndigkeit, Konzentration und Ordnung zu f\u00f6rdern, indem Spielzeug in begrenzter Anzahl und auf Augenh\u00f6he pr\u00e4sentiert wird. Kinder haben ein nat\u00fcrliches Bed\u00fcrfnis nach \u00dcbersicht, Struktur und der Freiheit, selbstst\u00e4ndig zu w\u00e4hlen. Das Montessori Regal von Petinka basiert auf den Prinzipien der Montessori-P\u00e4dagogik und unterst\u00fctzt die nat\u00fcrliche Entwicklung, Aufmerksamkeit und [&#8230;]\n","protected":false},"featured_media":2928,"comment_status":"open","ping_status":"closed","template":"","meta":[],"product_brand":[],"product_cat":[37,72],"product_tag":[],"class_list":{"0":"post-2938","1":"product","2":"type-product","3":"status-publish","4":"has-post-thumbnail","6":"product_cat-kindermobel","7":"product_cat-moebel-fuer-kinderzimmer","9":"first","10":"instock","11":"taxable","12":"shipping-taxable","13":"purchasable","14":"product-type-simple"},"_links":{"self":[{"href":"https:\/\/petinka.com\/de\/wp-json\/wp\/v2\/product\/2938","targetHints":{"allow":["GET"]}}],"collection":[{"href":"https:\/\/petinka.com\/de\/wp-json\/wp\/v2\/product"}],"about":[{"href":"https:\/\/petinka.com\/de\/wp-json\/wp\/v2\/types\/product"}],"replies":[{"embeddable":true,"href":"https:\/\/petinka.com\/de\/wp-json\/wp\/v2\/comments?post=2938"}],"wp:featuredmedia":[{"embeddable":true,"href":"https:\/\/petinka.com\/de\/wp-json\/wp\/v2\/media\/2928"}],"wp:attachment":[{"href":"https:\/\/petinka.com\/de\/wp-json\/wp\/v2\/media?parent=2938"}],"wp:term":[{"taxonomy":"product_brand","embeddable":true,"href":"https:\/\/petinka.com\/de\/wp-json\/wp\/v2\/product_brand?post=2938"},{"taxonomy":"product_cat","embeddable":true,"href":"https:\/\/petinka.com\/de\/wp-json\/wp\/v2\/product_cat?post=2938"},{"taxonomy":"product_tag","embeddable":true,"href":"https:\/\/petinka.com\/de\/wp-json\/wp\/v2\/product_tag?post=2938"}],"curies":[{"name":"wp","href":"https:\/\/api.w.org\/{rel}","templated":true}]}}