{"id":2778,"date":"2025-05-16T14:52:55","date_gmt":"2025-05-16T14:52:55","guid":{"rendered":"https:\/\/petinka.com\/?post_type=product&#038;p=2778"},"modified":"2026-04-02T09:25:58","modified_gmt":"2026-04-02T09:25:58","slug":"petinka-lernturm","status":"publish","type":"product","link":"https:\/\/petinka.com\/de\/produkt\/petinka-lernturm\/","title":{"rendered":"PETINKA Simple Lernturm"},"content":{"rendered":"\t<section class=\"section\" id=\"section_1381510965\">\n\t\t<div class=\"bg section-bg fill bg-fill  bg-loaded\" >\n\n\t\t\t\n\t\t\t\n\t\t\t\n\n\t\t<\/div>\n\n\t\t\n\n\t\t<div class=\"section-content relative\">\n\t\t\t\n<div class=\"row\"  id=\"row-806337894\">\n\n\t<div id=\"col-176019329\" class=\"col small-12 large-12\"  >\n\t\t\t\t<div class=\"col-inner\"  >\n\t\t\t\n\t\t\t\n<h2 class=\"uppercase\" style=\"text-align: center;\">Wei\u00dfer Petinka Lernturm<\/h2>\n<p style=\"text-align: center;\"><strong>Ein geschickter Kumpel f\u00fcr Ihren Knirps.<\/strong><\/p>\n<p style=\"text-align: center;\"><strong><br \/>\n<\/strong>PETINKA Lernturm schafft die besten Voraussetzungen f\u00fcr Kinder, die die neuen F\u00e4higkeiten und Kenntnisse mit ihren eigenen Kr\u00e4ften und Tempo erwerben k\u00f6nnen. PETINKA wird zu Ihrem Helfer \u00fcberall. Doch, meistens in der K\u00fcche.<\/p>\n\t\t<\/div>\n\t\t\t\t\t<\/div>\n\n\t\n\n\t<div id=\"col-1949118366\" class=\"col medium-4 small-12 large-4\"  >\n\t\t\t\t<div class=\"col-inner\"  >\n\t\t\t\n\t\t\t\n\n\t\t<div class=\"icon-box featured-box icon-box-center text-center\"  >\n\t\t\t\t\t<div class=\"icon-box-img\" style=\"width: 50px\">\n\t\t\t\t<div class=\"icon\">\n\t\t\t\t\t<div class=\"icon-inner\" >\n\t\t\t\t\t\t<img decoding=\"async\" width=\"1\" height=\"1\" src=\"https:\/\/petinka.com\/wp-content\/uploads\/2021\/06\/set-icons-petinka-brown-09.svg\" class=\"attachment-medium size-medium\" alt=\"\" \/>\t\t\t\t\t<\/div>\n\t\t\t\t<\/div>\n\t\t\t<\/div>\n\t\t\t\t<div class=\"icon-box-text last-reset\">\n\t\t\t\t\t\t\t\t\t\n<h4 class=\"uppercase\" style=\"text-align: center;\"><strong>Vielf\u00e4ltig<\/strong><\/h4>\n<p style=\"text-align: center;\">PETINKA kann je nach Alter, Gr\u00f6\u00dfe und Geschicklichkeit des Kindes angepasst werden. Von einer Version mit vier Sicherheitsw\u00e4nden f\u00fcr die kleinsten Kinder bis hin zu einem klassischen Lernturm mit seitlicher Leiter, dank der das Kind den Turm frei hinauf- und hinunterklettern kann.<\/p>\n\t\t<\/div>\n\t<\/div>\n\t\n\t\n\t\t<\/div>\n\t\t\t\t\t<\/div>\n\n\t\n\n\t<div id=\"col-65742278\" class=\"col medium-4 small-12 large-4\"  >\n\t\t\t\t<div class=\"col-inner\"  >\n\t\t\t\n\t\t\t\n\n\t\t<div class=\"icon-box featured-box icon-box-center text-center\"  >\n\t\t\t\t\t<div class=\"icon-box-img\" style=\"width: 50px\">\n\t\t\t\t<div class=\"icon\">\n\t\t\t\t\t<div class=\"icon-inner\" >\n\t\t\t\t\t\t<img decoding=\"async\" width=\"1\" height=\"1\" src=\"https:\/\/petinka.com\/wp-content\/uploads\/2021\/06\/set-icons-petinka-brown-10.svg\" class=\"attachment-medium size-medium\" alt=\"\" \/>\t\t\t\t\t<\/div>\n\t\t\t\t<\/div>\n\t\t\t<\/div>\n\t\t\t\t<div class=\"icon-box-text last-reset\">\n\t\t\t\t\t\t\t\t\t\n<h4 class=\"uppercase\">Qualit\u00e4tszeit mit Ihrem Kind<\/h4>\n<p>PETINKA Lernturm bietet Kindern eine andere Perspektive auf die K\u00fcchenarbeitsplatte. Und da gibt&#8217;s sicher was zum Beobachten! Im Lernturm entdeckt das Kind neue Dinge und Geschm\u00e4cke, entwickelt seine Feinmotorik, f\u00f6rdert seine Selbstst\u00e4ndigkeit und macht beim Kochen aktiv mit.<\/p>\n\t\t<\/div>\n\t<\/div>\n\t\n\t\n\t\t<\/div>\n\t\t\t\t\t<\/div>\n\n\t\n\n\t<div id=\"col-2060656143\" class=\"col medium-4 small-12 large-4\"  >\n\t\t\t\t<div class=\"col-inner\"  >\n\t\t\t\n\t\t\t\n\n\t\t<div class=\"icon-box featured-box icon-box-center text-center\"  >\n\t\t\t\t\t<div class=\"icon-box-img\" style=\"width: 50px\">\n\t\t\t\t<div class=\"icon\">\n\t\t\t\t\t<div class=\"icon-inner\" >\n\t\t\t\t\t\t<img decoding=\"async\" width=\"1\" height=\"1\" src=\"https:\/\/petinka.com\/wp-content\/uploads\/2021\/06\/set-icons-petinka-brown-11.svg\" class=\"attachment-medium size-medium\" alt=\"\" \/>\t\t\t\t\t<\/div>\n\t\t\t\t<\/div>\n\t\t\t<\/div>\n\t\t\t\t<div class=\"icon-box-text last-reset\">\n\t\t\t\t\t\t\t\t\t\n<h4 class=\"uppercase\"><strong>2in1<\/strong><\/h4>\n<p>Die R\u00fcckwand des Lernturms ist abnehmbar. Wir haben sie mit einer Ready to Activity-Wand ausgestattet, die als eigenst\u00e4ndige Plattform f\u00fcr Spielen funktioniert und kann st\u00e4ndig an Ihre Kinder anpasst werden. Kleine Lausbuben nutzen sie am meisten, wenn Sie sich entspannen m\u00f6chten.<\/p>\n\t\t<\/div>\n\t<\/div>\n\t\n\t\n\t\t<\/div>\n\t\t\t\t\t<\/div>\n\n\t\n<\/div>\n\t\t<\/div>\n\n\t\t\n<style>\n#section_1381510965 {\n  padding-top: 42px;\n  padding-bottom: 42px;\n  background-color: rgb(255, 255, 255);\n}\n#section_1381510965 .ux-shape-divider--top svg {\n  height: 150px;\n  --divider-top-width: 100%;\n}\n#section_1381510965 .ux-shape-divider--bottom svg {\n  height: 150px;\n  --divider-width: 100%;\n}\n<\/style>\n\t<\/section>\n\t\n\t<section class=\"section\" id=\"section_1525462014\">\n\t\t<div class=\"bg section-bg fill bg-fill  bg-loaded\" >\n\n\t\t\t\n\t\t\t\n\t\t\t\n\n\t\t<\/div>\n\n\t\t\n\n\t\t<div class=\"section-content relative\">\n\t\t\t\n<div class=\"row\"  id=\"row-1042121336\">\n\n\t<div id=\"col-2083024617\" class=\"col small-12 large-12\"  >\n\t\t\t\t<div class=\"col-inner\"  >\n\t\t\t\n\t\t\t\n<h3 class=\"uppercase\" style=\"text-align: center;\">6 Gr\u00fcnde f\u00fcr PETINKA Lernturm<\/h3>\n\t\t<\/div>\n\t\t\t\t\t<\/div>\n\n\t\n<\/div>\n\t<div id=\"gap-528085892\" class=\"gap-element clearfix\" style=\"display:block; height:auto;\">\n\t\t\n<style>\n#gap-528085892 {\n  padding-top: 30px;\n}\n<\/style>\n\t<\/div>\n\t\n<div class=\"row\"  id=\"row-201253598\">\n\n\t<div id=\"col-650803602\" class=\"col medium-4 small-12 large-4\"  >\n\t\t\t\t<div class=\"col-inner\"  >\n\t\t\t\n\t\t\t\n\n\t\t<div class=\"icon-box featured-box icon-box-center text-center\"  >\n\t\t\t\t\t<div class=\"icon-box-img\" style=\"width: 90px\">\n\t\t\t\t<div class=\"icon\">\n\t\t\t\t\t<div class=\"icon-inner\" >\n\t\t\t\t\t\t<img decoding=\"async\" width=\"1\" height=\"1\" src=\"https:\/\/petinka.com\/wp-content\/uploads\/2021\/06\/set-icons-petinka-brown-05.svg\" class=\"attachment-medium size-medium\" alt=\"\" \/>\t\t\t\t\t<\/div>\n\t\t\t\t<\/div>\n\t\t\t<\/div>\n\t\t\t\t<div class=\"icon-box-text last-reset\">\n\t\t\t\t\t\t\t\t\t\n<h4 style=\"text-align: center;\"><strong>Erfahrener Hersteller<\/strong><\/h4>\n\t\t<\/div>\n\t<\/div>\n\t\n\t\n\t\t<\/div>\n\t\t\t\t\t<\/div>\n\n\t\n\n\t<div id=\"col-1811789178\" class=\"col medium-4 small-12 large-4\"  >\n\t\t\t\t<div class=\"col-inner\"  >\n\t\t\t\n\t\t\t\n\n\t\t<div class=\"icon-box featured-box icon-box-center text-center\"  >\n\t\t\t\t\t<div class=\"icon-box-img\" style=\"width: 90px\">\n\t\t\t\t<div class=\"icon\">\n\t\t\t\t\t<div class=\"icon-inner\" >\n\t\t\t\t\t\t<img decoding=\"async\" width=\"1\" height=\"1\" src=\"https:\/\/petinka.com\/wp-content\/uploads\/2021\/06\/set-icons-petinka-brown-06.svg\" class=\"attachment-medium size-medium\" alt=\"\" \/>\t\t\t\t\t<\/div>\n\t\t\t\t<\/div>\n\t\t\t<\/div>\n\t\t\t\t<div class=\"icon-box-text last-reset\">\n\t\t\t\t\t\t\t\t\t\n<h4 style=\"text-align: center;\"><strong>5 Jahre Garantie<\/strong><\/h4>\n\t\t<\/div>\n\t<\/div>\n\t\n\t\n\t\t<\/div>\n\t\t\t\t\t<\/div>\n\n\t\n\n\t<div id=\"col-456472152\" class=\"col medium-4 small-12 large-4\"  >\n\t\t\t\t<div class=\"col-inner\"  >\n\t\t\t\n\t\t\t\n\n\t\t<div class=\"icon-box featured-box icon-box-center text-center\"  >\n\t\t\t\t\t<div class=\"icon-box-img\" style=\"width: 90px\">\n\t\t\t\t<div class=\"icon\">\n\t\t\t\t\t<div class=\"icon-inner\" >\n\t\t\t\t\t\t<img decoding=\"async\" width=\"1\" height=\"1\" src=\"https:\/\/petinka.com\/wp-content\/uploads\/2021\/06\/set-icons-petinka-brown-11.svg\" class=\"attachment-medium size-medium\" alt=\"\" \/>\t\t\t\t\t<\/div>\n\t\t\t\t<\/div>\n\t\t\t<\/div>\n\t\t\t\t<div class=\"icon-box-text last-reset\">\n\t\t\t\t\t\t\t\t\t\n<h4 style=\"text-align: center;\"><strong>Originelles Design<\/strong><\/h4>\n\t\t<\/div>\n\t<\/div>\n\t\n\t\n\t\t<\/div>\n\t\t\t\t\t<\/div>\n\n\t\n\n<style>\n#row-201253598 > .col > .col-inner {\n  padding: 0px 0px 25px 0px;\n}\n<\/style>\n<\/div>\n<div class=\"row\"  id=\"row-423332383\">\n\n\t<div id=\"col-1006916440\" class=\"col medium-4 small-12 large-4\"  >\n\t\t\t\t<div class=\"col-inner\"  >\n\t\t\t\n\t\t\t\n\n\t\t<div class=\"icon-box featured-box icon-box-center text-center\"  >\n\t\t\t\t\t<div class=\"icon-box-img\" style=\"width: 90px\">\n\t\t\t\t<div class=\"icon\">\n\t\t\t\t\t<div class=\"icon-inner\" >\n\t\t\t\t\t\t<img decoding=\"async\" width=\"1\" height=\"1\" src=\"https:\/\/petinka.com\/wp-content\/uploads\/2021\/06\/set-icons-petinka-brown-03.svg\" class=\"attachment-medium size-medium\" alt=\"\" \/>\t\t\t\t\t<\/div>\n\t\t\t\t<\/div>\n\t\t\t<\/div>\n\t\t\t\t<div class=\"icon-box-text last-reset\">\n\t\t\t\t\t\t\t\t\t\n<h4 style=\"text-align: center;\"><strong>Erf\u00fcllt die Kriterien der strengsten Sicherheitszertifikationen f\u00fcr Spielzeug<\/strong><\/h4>\n\t\t<\/div>\n\t<\/div>\n\t\n\t\n\t\t<\/div>\n\t\t\t\t\t<\/div>\n\n\t\n\n\t<div id=\"col-1608435520\" class=\"col medium-4 small-12 large-4\"  >\n\t\t\t\t<div class=\"col-inner\"  >\n\t\t\t\n\t\t\t\n\n\t\t<div class=\"icon-box featured-box icon-box-center text-center\"  >\n\t\t\t\t\t<div class=\"icon-box-img\" style=\"width: 90px\">\n\t\t\t\t<div class=\"icon\">\n\t\t\t\t\t<div class=\"icon-inner\" >\n\t\t\t\t\t\t<img decoding=\"async\" width=\"1\" height=\"1\" src=\"https:\/\/petinka.com\/wp-content\/uploads\/2021\/06\/set-icons-petinka-brown-01.svg\" class=\"attachment-medium size-medium\" alt=\"\" \/>\t\t\t\t\t<\/div>\n\t\t\t\t<\/div>\n\t\t\t<\/div>\n\t\t\t\t<div class=\"icon-box-text last-reset\">\n\t\t\t\t\t\t\t\t\t\n<h4 style=\"text-align: center;\"><strong>Hohe Qualit\u00e4t garantiert vom Familienunternehmen \u2013 Produkte, die von den Eltern f\u00fcr ihre eigenen Kinder entwickelt wurden<\/strong><\/h4>\n\t\t<\/div>\n\t<\/div>\n\t\n\t\n\t\t<\/div>\n\t\t\t\t\t<\/div>\n\n\t\n\n\t<div id=\"col-1120313236\" class=\"col medium-4 small-12 large-4\"  >\n\t\t\t\t<div class=\"col-inner\"  >\n\t\t\t\n\t\t\t\n\n\t\t<div class=\"icon-box featured-box icon-box-center text-center\"  >\n\t\t\t\t\t<div class=\"icon-box-img\" style=\"width: 90px\">\n\t\t\t\t<div class=\"icon\">\n\t\t\t\t\t<div class=\"icon-inner\" >\n\t\t\t\t\t\t<img decoding=\"async\" width=\"1\" height=\"1\" src=\"https:\/\/petinka.com\/wp-content\/uploads\/2021\/06\/set-icons-petinka-brown-04.svg\" class=\"attachment-medium size-medium\" alt=\"\" \/>\t\t\t\t\t<\/div>\n\t\t\t\t<\/div>\n\t\t\t<\/div>\n\t\t\t\t<div class=\"icon-box-text last-reset\">\n\t\t\t\t\t\t\t\t\t\n<h4 style=\"text-align: center;\"><strong>Hergestellt im Herzen der Europ\u00e4ischen Union, aus Holz, mit Liebe und Ehrlichkeit<\/strong><\/h4>\n\t\t<\/div>\n\t<\/div>\n\t\n\t\n\t\t<\/div>\n\t\t\t\t\t<\/div>\n\n\t\n<\/div>\n\t\t<\/div>\n\n\t\t\n<style>\n#section_1525462014 {\n  padding-top: 42px;\n  padding-bottom: 42px;\n}\n#section_1525462014 .ux-shape-divider--top svg {\n  height: 150px;\n  --divider-top-width: 100%;\n}\n#section_1525462014 .ux-shape-divider--bottom svg {\n  height: 150px;\n  --divider-width: 100%;\n}\n<\/style>\n\t<\/section>\n\t\n\t<section class=\"section\" id=\"section_1602022389\">\n\t\t<div class=\"bg section-bg fill bg-fill  bg-loaded\" >\n\n\t\t\t\n\t\t\t\n\t\t\t\n\n\t\t<\/div>\n\n\t\t\n\n\t\t<div class=\"section-content relative\">\n\t\t\t\n<div class=\"row\"  id=\"row-1982709206\">\n\n\t<div id=\"col-1569463252\" class=\"col small-12 large-12\"  >\n\t\t\t\t<div class=\"col-inner\"  >\n\t\t\t\n\t\t\t\n<h3 style=\"text-align: center;\">Einmal sehen ist besser als hundertmal h\u00f6ren<\/h3>\n\t<div class=\"img has-hover x md-x lg-x y md-y lg-y\" id=\"image_1266606820\">\n\t\t<a class=\"\" href=\"https:\/\/youtu.be\/yIZgnq6YqFE\" target=\"_blank\" rel=\"noopener noreferrer\">\t\t\t\t\t\t<div class=\"img-inner dark\" >\n\t\t\t<img decoding=\"async\" width=\"800\" height=\"462\" src=\"https:\/\/petinka.com\/wp-content\/uploads\/2022\/04\/petinka-video-01.webp\" class=\"attachment-large size-large\" alt=\"\" srcset=\"https:\/\/petinka.com\/wp-content\/uploads\/2022\/04\/petinka-video-01.webp 800w, https:\/\/petinka.com\/wp-content\/uploads\/2022\/04\/petinka-video-01-600x347.webp 600w, https:\/\/petinka.com\/wp-content\/uploads\/2022\/04\/petinka-video-01-300x173.webp 300w, https:\/\/petinka.com\/wp-content\/uploads\/2022\/04\/petinka-video-01-768x444.webp 768w\" sizes=\"(max-width: 800px) 100vw, 800px\" \/>\t\t\t\t\t\t\n\t\t\t\t\t<\/div>\n\t\t\t\t\t\t<\/a>\t\t\n<style>\n#image_1266606820 {\n  width: 100%;\n}\n<\/style>\n\t<\/div>\n\t\n\t\t<\/div>\n\t\t\t\t\n<style>\n#col-1569463252 > .col-inner {\n  margin: 0px 0px 0px 0px;\n}\n<\/style>\n\t<\/div>\n\n\t\n<\/div>\n\t\t<\/div>\n\n\t\t\n<style>\n#section_1602022389 {\n  padding-top: 0px;\n  padding-bottom: 0px;\n}\n#section_1602022389 .ux-shape-divider--top svg {\n  height: 150px;\n  --divider-top-width: 100%;\n}\n#section_1602022389 .ux-shape-divider--bottom svg {\n  height: 150px;\n  --divider-width: 100%;\n}\n<\/style>\n\t<\/section>\n\t\n","protected":false},"excerpt":{"rendered":"<h3 data-start=\"145\" data-end=\"199\"><strong data-start=\"149\" data-end=\"199\">Ein kleiner gro\u00dfer Helfer f\u00fcr kleine Entdecker<\/strong><\/h3>\n<p data-start=\"201\" data-end=\"403\">Manche Dinge sollten selbstverst\u00e4ndlich sein \u2013 Sicherheit, Qualit\u00e4t und Liebe zum Handwerk. Genau mit diesem Gedanken im Herzen haben wir bei Petinka unseren neuen Lernturm <strong data-start=\"374\" data-end=\"392\">Petinka Simple<\/strong> entworfen.<\/p>\n<p data-start=\"405\" data-end=\"499\">Er ist kompakter gestaltet, bleibt aber all dem treu, was Petinka-Produkte so besonders macht.<\/p>\n<p data-start=\"501\" data-end=\"768\">Der Turm ist stabil, standsicher und einfach zusammenklappbar \u2013 immer bereit f\u00fcr kleine gro\u00dfe Alltagsabenteuer in der K\u00fcche oder Werkstatt. Hergestellt aus hochwertigem Birkensperrholz, gesch\u00fctzt mit einem professionellen, angenehm glatten und strapazierf\u00e4higen Lack.<\/p>\n<p data-start=\"770\" data-end=\"1058\">F\u00fcr bequemes Einsteigen haben wir hinten zwei Trittstufen hinzugef\u00fcgt \u2013 sicher, komfortabel und genau richtig f\u00fcr neugierige Kinderf\u00fc\u00dfe. Mit einer H\u00f6he von 90 cm ist der Turm ideal zum gemeinsamen Kochen, Apfelwaschen oder Teigr\u00fchren \u2013 hier wird das Kind vom Zuschauer zum aktiven Helfer.<\/p>\n<p data-start=\"1060\" data-end=\"1360\">Und weil der kindlichen Fantasie keine Grenzen gesetzt sind, enth\u00e4lt unser Turm auch eine abnehmbare R\u00fcckwand mit Tafelfarbe. So wird aus dem Lernturm nicht nur ein praktischer Helfer, sondern auch eine kreative Fl\u00e4che zum Zeichnen, Schreiben und Gestalten. Kreativit\u00e4t, Spa\u00df und Sicherheit in einem!<\/p>\n<p data-start=\"1362\" data-end=\"1510\">Auch wenn dieses Modell etwas weniger Platz bietet als unser Premium-Turm, hat es dennoch alles, was z\u00e4hlt \u2013 Erlebnisse, Lernen und gemeinsame Zeit.<\/p>\n<p data-start=\"1512\" data-end=\"1617\"><strong data-start=\"1512\" data-end=\"1617\">Petinka Lernturm \u2013 denn jeder kleine Helfer verdient seinen Platz in der gro\u00dfen Welt der Erwachsenen.<\/strong><\/p>\n<hr data-start=\"1619\" data-end=\"1622\" \/>\n<h3 data-start=\"1624\" data-end=\"1633\">Ma\u00dfe:<\/h3>\n<ul data-start=\"1635\" data-end=\"1794\">\n<li data-start=\"1635\" data-end=\"1685\">\n<p data-start=\"1637\" data-end=\"1685\"><strong data-start=\"1637\" data-end=\"1672\">Gesamtma\u00df mit Sicherheitsf\u00fc\u00dfen:<\/strong> 59 x 50 cm<\/p>\n<\/li>\n<li data-start=\"1686\" data-end=\"1736\">\n<p data-start=\"1688\" data-end=\"1736\"><strong data-start=\"1688\" data-end=\"1723\">Gesamtma\u00df ohne Sicherheitsf\u00fc\u00dfe:<\/strong> 43 x 40 cm<\/p>\n<\/li>\n<li data-start=\"1737\" data-end=\"1768\">\n<p data-start=\"1739\" data-end=\"1768\"><strong data-start=\"1739\" data-end=\"1755\">Grundfl\u00e4che:<\/strong> 40 x 30 cm<\/p>\n<\/li>\n<li data-start=\"1769\" data-end=\"1794\">\n<p data-start=\"1771\" data-end=\"1794\"><strong data-start=\"1771\" data-end=\"1786\">Gesamth\u00f6he:<\/strong> 90 cm<\/p>\n<\/li>\n<\/ul>\n<p data-start=\"1796\" data-end=\"1817\"><strong data-start=\"1796\" data-end=\"1815\">Plattformh\u00f6hen:<\/strong><\/p>\n<ul data-start=\"1818\" data-end=\"1874\">\n<li data-start=\"1818\" data-end=\"1836\">\n<p data-start=\"1820\" data-end=\"1836\">Stufe 3: 44 cm<\/p>\n<\/li>\n<li data-start=\"1837\" data-end=\"1855\">\n<p data-start=\"1839\" data-end=\"1855\">Stufe 2: 38 cm<\/p>\n<\/li>\n<li data-start=\"1856\" data-end=\"1874\">\n<p data-start=\"1858\" data-end=\"1874\">Stufe 1: 30 cm<\/p>\n<\/li>\n<\/ul>\n<p data-start=\"1876\" data-end=\"1893\"><strong data-start=\"1876\" data-end=\"1891\">Stufenh\u00f6he:<\/strong><\/p>\n<ul data-start=\"1894\" data-end=\"1938\">\n<li data-start=\"1894\" data-end=\"1916\">\n<p data-start=\"1896\" data-end=\"1916\">Erste Stufe: 16 cm<\/p>\n<\/li>\n<li data-start=\"1917\" data-end=\"1938\">\n<p data-start=\"1919\" data-end=\"1938\">Zweite Stufe: 30 cm<\/p>\n<\/li>\n<\/ul>\n\t<section class=\"section\" id=\"section_93892019\">\n\t\t<div class=\"bg section-bg fill bg-fill  bg-loaded\" >\n\n\t\t\t\n\t\t\t\n\t\t\t\n\n\t\t<\/div>\n\n\t\t\n\n\t\t<div class=\"section-content relative\">\n\t\t\t\n\n\n\n\t\t<\/div>\n\n\t\t\n<style>\n#section_93892019 {\n  padding-top: 0px;\n  padding-bottom: 0px;\n}\n#section_93892019 .ux-shape-divider--top svg {\n  height: 150px;\n  --divider-top-width: 100%;\n}\n#section_93892019 .ux-shape-divider--bottom svg {\n  height: 150px;\n  --divider-width: 100%;\n}\n<\/style>\n\t<\/section>\n\t\n","protected":false},"featured_media":2783,"comment_status":"open","ping_status":"closed","template":"","meta":[],"product_brand":[],"product_cat":[34],"product_tag":[],"class_list":{"0":"post-2778","1":"product","2":"type-product","3":"status-publish","4":"has-post-thumbnail","6":"product_cat-lernturme","8":"first","9":"instock","10":"taxable","11":"shipping-taxable","12":"purchasable","13":"product-type-simple"},"_links":{"self":[{"href":"https:\/\/petinka.com\/de\/wp-json\/wp\/v2\/product\/2778","targetHints":{"allow":["GET"]}}],"collection":[{"href":"https:\/\/petinka.com\/de\/wp-json\/wp\/v2\/product"}],"about":[{"href":"https:\/\/petinka.com\/de\/wp-json\/wp\/v2\/types\/product"}],"replies":[{"embeddable":true,"href":"https:\/\/petinka.com\/de\/wp-json\/wp\/v2\/comments?post=2778"}],"wp:featuredmedia":[{"embeddable":true,"href":"https:\/\/petinka.com\/de\/wp-json\/wp\/v2\/media\/2783"}],"wp:attachment":[{"href":"https:\/\/petinka.com\/de\/wp-json\/wp\/v2\/media?parent=2778"}],"wp:term":[{"taxonomy":"product_brand","embeddable":true,"href":"https:\/\/petinka.com\/de\/wp-json\/wp\/v2\/product_brand?post=2778"},{"taxonomy":"product_cat","embeddable":true,"href":"https:\/\/petinka.com\/de\/wp-json\/wp\/v2\/product_cat?post=2778"},{"taxonomy":"product_tag","embeddable":true,"href":"https:\/\/petinka.com\/de\/wp-json\/wp\/v2\/product_tag?post=2778"}],"curies":[{"name":"wp","href":"https:\/\/api.w.org\/{rel}","templated":true}]}}