{"id":2681,"date":"2024-06-07T00:00:46","date_gmt":"2024-06-07T00:02:41","guid":{"rendered":"https:\/\/petinka.com\/?post_type=product&#038;p=2681"},"modified":"2024-08-23T14:09:37","modified_gmt":"2024-08-23T14:09:37","slug":"kindertreppen-aus-holz","status":"publish","type":"product","link":"https:\/\/petinka.com\/de\/produkt\/kindertreppen-aus-holz\/","title":{"rendered":"Kindertreppen aus Holz"},"content":{"rendered":"<div>Einfache Hilfe rund ums Haus f\u00fcr Ihre Kleinen. Kindertreppen aus Holz sind vielseitig einsetzbar. Sie erleichtern Kindern das Anziehen der Schuhe, das Z\u00e4hneputzen, den Zugang zur Toilette und f\u00f6rdern zudem ihre Selbstst\u00e4ndigkeit.<\/div>\n<div><\/div>\n<div>Ma\u00dfe:<\/div>\n<div><\/div>\n<div>&#8211; Gesamth\u00f6he: 50 cm<\/div>\n<div>&#8211; Breite: 40 cm<\/div>\n<div>&#8211; Tiefe: 43 cm<\/div>\n<div>&#8211; H\u00f6he der ersten Stufe: 16 cm<\/div>\n<div>&#8211; H\u00f6he der zweiten Stufe: 30 cm<\/div>\n<p>&nbsp;<\/p>\n","protected":false},"excerpt":{"rendered":"<p>Einfache Haushaltshilfe f\u00fcr Ihre Kleinen. Diese Holztreppen f\u00fcr Kinder sind \u00e4u\u00dferst vielseitig. Sie erleichtern Kindern das Anziehen von Schuhen, das Z\u00e4hneputzen und den Zugang zur Toilette und unterst\u00fctzen zudem ihre Selbst\u00e4ndigkeit.<\/p>\n","protected":false},"featured_media":2663,"comment_status":"open","ping_status":"closed","template":"","meta":[],"product_brand":[],"product_cat":[37,34,72],"product_tag":[],"class_list":{"0":"post-2681","1":"product","2":"type-product","3":"status-publish","4":"has-post-thumbnail","6":"product_cat-kindermobel","7":"product_cat-lernturme","8":"product_cat-moebel-fuer-kinderzimmer","10":"first","11":"instock","12":"taxable","13":"shipping-taxable","14":"purchasable","15":"product-type-simple"},"_links":{"self":[{"href":"https:\/\/petinka.com\/de\/wp-json\/wp\/v2\/product\/2681","targetHints":{"allow":["GET"]}}],"collection":[{"href":"https:\/\/petinka.com\/de\/wp-json\/wp\/v2\/product"}],"about":[{"href":"https:\/\/petinka.com\/de\/wp-json\/wp\/v2\/types\/product"}],"replies":[{"embeddable":true,"href":"https:\/\/petinka.com\/de\/wp-json\/wp\/v2\/comments?post=2681"}],"wp:featuredmedia":[{"embeddable":true,"href":"https:\/\/petinka.com\/de\/wp-json\/wp\/v2\/media\/2663"}],"wp:attachment":[{"href":"https:\/\/petinka.com\/de\/wp-json\/wp\/v2\/media?parent=2681"}],"wp:term":[{"taxonomy":"product_brand","embeddable":true,"href":"https:\/\/petinka.com\/de\/wp-json\/wp\/v2\/product_brand?post=2681"},{"taxonomy":"product_cat","embeddable":true,"href":"https:\/\/petinka.com\/de\/wp-json\/wp\/v2\/product_cat?post=2681"},{"taxonomy":"product_tag","embeddable":true,"href":"https:\/\/petinka.com\/de\/wp-json\/wp\/v2\/product_tag?post=2681"}],"curies":[{"name":"wp","href":"https:\/\/api.w.org\/{rel}","templated":true}]}}