{"id":2622,"date":"2023-11-15T13:59:57","date_gmt":"2023-11-15T13:59:57","guid":{"rendered":"https:\/\/petinka.com\/?post_type=product&#038;p=2622"},"modified":"2026-02-07T13:53:24","modified_gmt":"2026-02-07T13:53:24","slug":"bleistiftstander-aus-holz","status":"publish","type":"product","link":"https:\/\/petinka.com\/de\/produkt\/bleistiftstander-aus-holz\/","title":{"rendered":"Bleistiftst\u00e4nder aus Holz"},"content":{"rendered":"<p>Ordnung auf dem Schreibtisch ist wichtig. Sie k\u00f6nnen diesen kleinen Holzstiftst\u00e4nder an der Seite des Petinka-Tisches befestigen. Darin kann das Kind alles verstauen, was es f\u00fcr sein aktuelles Projekt ben\u00f6tigt. Dadurch entsteht ein sauberer Kreativraum auf dem Tisch, sodass Sie ungest\u00f6rt kreativ sein k\u00f6nnen. Der St\u00e4nder eignet sich sowohl f\u00fcr einen klassischen als auch f\u00fcr einen mitwachsenden Tisch<\/p>\n","protected":false},"excerpt":{"rendered":"<p>Ordnung auf dem Schreibtisch ist wichtig. Sie k\u00f6nnen diesen kleinen Bleistiftst\u00e4nder an der Seite des Petinka-Tisches befestigen. Darin kann das Kind alles verstauen, was es f\u00fcr sein aktuelles Projekt ben\u00f6tigt. Dadurch entsteht ein sauberer Kreativraum auf dem Tisch, sodass Sie ungest\u00f6rt kreativ sein k\u00f6nnen.<\/p>\n","protected":false},"featured_media":2605,"comment_status":"open","ping_status":"closed","template":"","meta":[],"product_brand":[],"product_cat":[71],"product_tag":[],"class_list":{"0":"post-2622","1":"product","2":"type-product","3":"status-publish","4":"has-post-thumbnail","6":"product_cat-tischzubehoer","8":"first","9":"instock","10":"taxable","11":"shipping-taxable","12":"purchasable","13":"product-type-simple"},"_links":{"self":[{"href":"https:\/\/petinka.com\/de\/wp-json\/wp\/v2\/product\/2622","targetHints":{"allow":["GET"]}}],"collection":[{"href":"https:\/\/petinka.com\/de\/wp-json\/wp\/v2\/product"}],"about":[{"href":"https:\/\/petinka.com\/de\/wp-json\/wp\/v2\/types\/product"}],"replies":[{"embeddable":true,"href":"https:\/\/petinka.com\/de\/wp-json\/wp\/v2\/comments?post=2622"}],"wp:featuredmedia":[{"embeddable":true,"href":"https:\/\/petinka.com\/de\/wp-json\/wp\/v2\/media\/2605"}],"wp:attachment":[{"href":"https:\/\/petinka.com\/de\/wp-json\/wp\/v2\/media?parent=2622"}],"wp:term":[{"taxonomy":"product_brand","embeddable":true,"href":"https:\/\/petinka.com\/de\/wp-json\/wp\/v2\/product_brand?post=2622"},{"taxonomy":"product_cat","embeddable":true,"href":"https:\/\/petinka.com\/de\/wp-json\/wp\/v2\/product_cat?post=2622"},{"taxonomy":"product_tag","embeddable":true,"href":"https:\/\/petinka.com\/de\/wp-json\/wp\/v2\/product_tag?post=2622"}],"curies":[{"name":"wp","href":"https:\/\/api.w.org\/{rel}","templated":true}]}}