{"id":2533,"date":"2023-11-07T13:37:20","date_gmt":"2023-11-07T13:37:20","guid":{"rendered":"https:\/\/petinka.com\/?post_type=product&#038;p=2533"},"modified":"2025-09-08T15:22:05","modified_gmt":"2025-09-08T15:22:05","slug":"petinka-favority-lernturm-set","status":"publish","type":"product","link":"https:\/\/petinka.com\/de\/produkt\/petinka-favority-lernturm-set\/","title":{"rendered":"Petinka Favority \u2013 sicherer Montessori Lernturm mit Spielwand &#038; Spielzeug"},"content":{"rendered":"<div>\n<p data-start=\"1551\" data-end=\"1712\">Das Set <strong data-start=\"1559\" data-end=\"1579\">Petinka Favority<\/strong> wurde entwickelt, um Kindern das Beste zu bieten \u2013 sichere Unterst\u00fctzung, kreative M\u00f6glichkeiten und spielerisches Lernen jeden Tag.<\/p>\n<p data-start=\"1714\" data-end=\"2134\">Im Mittelpunkt steht unser <strong data-start=\"1741\" data-end=\"1789\">premium Montessori Lern\u00adturm Petinka Premium<\/strong> \u2013 der <strong data-start=\"1796\" data-end=\"1821\">sicherste aller T\u00fcrme<\/strong>, ausgestattet mit <strong data-start=\"1840\" data-end=\"1878\">vier abnehmbaren Sicherheitsw\u00e4nden<\/strong> und einer <strong data-start=\"1889\" data-end=\"1928\">hinteren Aktivit\u00e4tswand (Spielwand)<\/strong>. Er eignet sich bereits f\u00fcr Kleinkinder, die gerade selbst\u00e4ndig stehen (ca. ab 9 Monaten), und bietet durch sein Design Stabilit\u00e4t, Sicherheit und die M\u00f6glichkeit, an allt\u00e4glichen Aktivit\u00e4ten teilzunehmen.<\/p>\n<p data-start=\"2136\" data-end=\"2315\">Mit unserem einzigartigen <strong data-start=\"2162\" data-end=\"2183\">Ready to Activity<\/strong> System k\u00f6nnen Montessori-Spielzeuge einfach an den Turm angebracht werden, was Ihr Kind zum Spielen, Entdecken und Lernen animiert.<\/p>\n<p data-start=\"2317\" data-end=\"2372\">Im Set enthalten sind unsere beliebtesten Spielzeuge:<\/p>\n<ul data-start=\"2373\" data-end=\"2741\">\n<li data-start=\"2373\" data-end=\"2437\">\n<p data-start=\"2375\" data-end=\"2437\"><strong data-start=\"2375\" data-end=\"2391\">Schloss-Haus<\/strong> \u2013 f\u00f6rdert Feinmotorik und logisches Denken.<\/p>\n<\/li>\n<li data-start=\"2438\" data-end=\"2506\">\n<p data-start=\"2440\" data-end=\"2506\"><strong data-start=\"2440\" data-end=\"2452\">Schalter<\/strong> \u2013 ein einfaches Element, das Kinder gerne erkunden.<\/p>\n<\/li>\n<li data-start=\"2507\" data-end=\"2578\">\n<p data-start=\"2509\" data-end=\"2578\"><strong data-start=\"2509\" data-end=\"2529\">Kleine Kugelbahn<\/strong> \u2013 bringt Freude durch Bewegung und Entdeckung.<\/p>\n<\/li>\n<li data-start=\"2579\" data-end=\"2660\">\n<p data-start=\"2581\" data-end=\"2660\"><strong data-start=\"2581\" data-end=\"2607\">Geometrische Steckform<\/strong> \u2013 unterst\u00fctzt die Erkennung von Formen und Farben.<\/p>\n<\/li>\n<li data-start=\"2661\" data-end=\"2741\">\n<p data-start=\"2663\" data-end=\"2741\"><strong data-start=\"2663\" data-end=\"2685\">Aufbewahrungsregal<\/strong> \u2013 praktisches Zubeh\u00f6r f\u00fcr Spielzeug oder Kleinigkeiten.<\/p>\n<\/li>\n<\/ul>\n<p data-start=\"2743\" data-end=\"2952\">Dank der Variabilit\u00e4t des <strong data-start=\"2769\" data-end=\"2795\">Aktivit\u00e4tswand-Systems<\/strong> k\u00f6nnen Sie die Spielzeuge jederzeit nach Alter und Interessen Ihres Kindes wechseln oder erweitern. Das Set w\u00e4chst mit Ihrem Kind und bleibt stets spannend.<\/p>\n<p data-start=\"2954\" data-end=\"3147\"><strong data-start=\"2954\" data-end=\"2970\">Extra-Bonus:<\/strong><br data-start=\"2970\" data-end=\"2973\" \/>Als besondere Aufmerksamkeit bieten wir personalisierte <strong data-start=\"3029\" data-end=\"3074\">Holzbuchstaben mit dem Namen Ihres Kindes<\/strong>, die den Turm zu einem pers\u00f6nlichen und unvergesslichen Geschenk machen.<\/p>\n<p data-start=\"3149\" data-end=\"3386\"><strong data-start=\"3152\" data-end=\"3386\">Petinka Favority ist die ideale Wahl f\u00fcr Eltern, die einen sicheren, hochwertigen Montessori Lernturm mit Spielwand und Spielzeug suchen \u2013 ein langlebiges Tool, das praktische F\u00e4higkeiten entwickelt und spielerisch Freude schenkt.<\/strong><\/p>\n<\/div>\n<div><\/div>\n<div><strong>Das Set enth\u00e4lt:<\/strong><\/div>\n<ul>\n<li><a href=\"https:\/\/petinka.com\/de\/produkt\/petinka-lernturm-naturell\/\" target=\"_blank\" rel=\"noopener\">Lehrturm PETINKA Premium Natur<\/a><\/li>\n<li><a href=\"https:\/\/petinka.com\/de\/produkt\/haeuschen-schlossern-spiele\/\" target=\"_blank\" rel=\"noopener\">Ein Haus mit Schl\u00f6ssern<\/a><\/li>\n<li><a href=\"https:\/\/petinka.com\/de\/produkt\/lichtschalter\/\" target=\"_blank\" rel=\"noopener\">Lichtschalter<\/a><\/li>\n<li><a href=\"https:\/\/petinka.com\/de\/produkt\/kleine-kugelbahn\/\" target=\"_blank\" rel=\"noopener\">kleine Kugelbahn<\/a><\/li>\n<li><a class=\"woocommerce-LoopProduct-link woocommerce-loop-product__link\" href=\"https:\/\/petinka.com\/de\/produkt\/geometrisches-sortierbrett\/\" target=\"_blank\" rel=\"noopener\">Geometrisches Sortierbrett<\/a><\/li>\n<li><a class=\"woocommerce-LoopProduct-link woocommerce-loop-product__link\" href=\"https:\/\/petinka.com\/de\/produkt\/dunkelbraun-wandaufbewahrung\/\" target=\"_blank\" rel=\"noopener\">Wandaufbewahrung<\/a><\/li>\n<li><a href=\"https:\/\/petinka.com\/de\/produkt\/buchstabe\/\" target=\"_blank\" rel=\"noopener\">Buchstaben<\/a> mit dem Namen Ihres Babys.<\/li>\n<\/ul>\n","protected":false},"excerpt":{"rendered":"<p>Entdecken Sie <strong data-start=\"1080\" data-end=\"1100\">Petinka Favority<\/strong> \u2013 unseren premium, <strong data-start=\"1120\" data-end=\"1152\">sicheren Montessori Lernturm<\/strong> inklusive <strong data-start=\"1163\" data-end=\"1176\">Spielwand<\/strong> und beliebtesten Montessori-Spielzeugen. Alles, was Ihr Kind f\u00fcr unbeschwertes, kreatives Lernen und sicheres Entdecken braucht \u2013 in einem Set. <strong data-start=\"1321\" data-end=\"1416\">Zus\u00e4tzlich erhalten Sie personalisierte Holzbuchstaben mit dem Namen Ihres Kindes kostenlos<\/strong>, wodurch der Turm zu einem pers\u00f6nlichen und einzigartigen Geschenk wird.<\/p>\n\t<section class=\"section\" id=\"section_895026675\">\n\t\t<div class=\"bg section-bg fill bg-fill  bg-loaded\" >\n\n\t\t\t\n\t\t\t\n\t\t\t\n\n\t\t<\/div>\n\n\t\t\n\n\t\t<div class=\"section-content relative\">\n\t\t\t\n\n\n\n\t\t<\/div>\n\n\t\t\n<style>\n#section_895026675 {\n  padding-top: 0px;\n  padding-bottom: 0px;\n}\n#section_895026675 .ux-shape-divider--top svg {\n  height: 150px;\n  --divider-top-width: 100%;\n}\n#section_895026675 .ux-shape-divider--bottom svg {\n  height: 150px;\n  --divider-width: 100%;\n}\n<\/style>\n\t<\/section>\n\t\n","protected":false},"featured_media":2855,"comment_status":"open","ping_status":"closed","template":"","meta":[],"product_brand":[],"product_cat":[34],"product_tag":[],"class_list":{"0":"post-2533","1":"product","2":"type-product","3":"status-publish","4":"has-post-thumbnail","6":"product_cat-lernturme","8":"first","9":"instock","10":"sale","11":"taxable","12":"shipping-taxable","13":"purchasable","14":"product-type-simple"},"_links":{"self":[{"href":"https:\/\/petinka.com\/de\/wp-json\/wp\/v2\/product\/2533","targetHints":{"allow":["GET"]}}],"collection":[{"href":"https:\/\/petinka.com\/de\/wp-json\/wp\/v2\/product"}],"about":[{"href":"https:\/\/petinka.com\/de\/wp-json\/wp\/v2\/types\/product"}],"replies":[{"embeddable":true,"href":"https:\/\/petinka.com\/de\/wp-json\/wp\/v2\/comments?post=2533"}],"wp:featuredmedia":[{"embeddable":true,"href":"https:\/\/petinka.com\/de\/wp-json\/wp\/v2\/media\/2855"}],"wp:attachment":[{"href":"https:\/\/petinka.com\/de\/wp-json\/wp\/v2\/media?parent=2533"}],"wp:term":[{"taxonomy":"product_brand","embeddable":true,"href":"https:\/\/petinka.com\/de\/wp-json\/wp\/v2\/product_brand?post=2533"},{"taxonomy":"product_cat","embeddable":true,"href":"https:\/\/petinka.com\/de\/wp-json\/wp\/v2\/product_cat?post=2533"},{"taxonomy":"product_tag","embeddable":true,"href":"https:\/\/petinka.com\/de\/wp-json\/wp\/v2\/product_tag?post=2533"}],"curies":[{"name":"wp","href":"https:\/\/api.w.org\/{rel}","templated":true}]}}