{"id":1887,"date":"2022-12-12T22:54:47","date_gmt":"2022-12-12T22:54:47","guid":{"rendered":"https:\/\/petinka.com\/?post_type=product&#038;p=1887"},"modified":"2025-08-13T15:07:39","modified_gmt":"2025-08-13T15:07:39","slug":"mitwachsender-tisch","status":"publish","type":"product","link":"https:\/\/petinka.com\/de\/produkt\/mitwachsender-tisch\/","title":{"rendered":"Mitwachsender Tisch DORI \u2013 H\u00f6henverstellbar &#038; Stilvoll f\u00fcr Kinder"},"content":{"rendered":"<p data-start=\"419\" data-end=\"697\">Der <strong data-start=\"423\" data-end=\"450\">mitwachsende Tisch DORI<\/strong> bietet kleinen Kindern ab 10 Monaten einen stabilen, ergonomischen und \u00e4sthetischen Platz zum Spielen, Basteln, Lernen und Malen. Durch sein zeitloses Design aus hochwertigem Holz passt er perfekt in stilvolle Kinderzimmer oder moderne Wohnr\u00e4ume.<\/p>\n<p data-start=\"702\" data-end=\"953\">Die Tischplatte l\u00e4sst sich auf <strong data-start=\"733\" data-end=\"747\">vier H\u00f6hen<\/strong> einstellen \u2013 35, 39, 43 und 47 cm \u2013 sodass sich der Tisch flexibel an das Wachstum und die Bed\u00fcrfnisse deines Kindes anpasst. Egal ob erste Kritzeleien oder Hausaufgaben \u2013 DORI bleibt ein treuer Begleiter.<\/p>\n<p data-start=\"958\" data-end=\"1131\">Optional kannst du auch einen <strong data-start=\"988\" data-end=\"1010\">Papierrollenhalter<\/strong> und einen praktischen <strong data-start=\"1033\" data-end=\"1054\">Holz-Stiftekasten<\/strong> hinzuf\u00fcgen, um den Kreativbereich deines Kindes noch besser zu organisieren.<\/p>\n<p data-start=\"1136\" data-end=\"1263\">Entwickelt und gefertigt mit gr\u00f6\u00dfter Sorgfalt in der EU \u2013 f\u00fcr Familien, die Wert auf Qualit\u00e4t, Funktionalit\u00e4t und Design legen.<\/p>\n<p class=\"p1\">Ma\u00dfe des Tisches<\/p>\n<p class=\"p1\">L\u00e4nge: 75 cm<\/p>\n<p class=\"p1\">Breite: 55 cm<\/p>\n<p class=\"p1\">H\u00f6henniveau 1 &#8211;\u00a0 35 cm<\/p>\n<p class=\"p1\">H\u00f6henniveau 2 &#8211; 39 cm<\/p>\n<p class=\"p1\">H\u00f6henniveau 3 &#8211;\u00a0 43 cm<\/p>\n<p>H\u00f6henniveau 4 &#8211; 47 cm<\/p>\n<p>&nbsp;<\/p>\n<p class=\"p1\"><strong>\u00c4hnliche Produkte:<\/strong><\/p>\n<p class=\"p1\">Papierrolle zum Zeichnen<\/p>\n<p class=\"p1\">Federm\u00e4ppchen<\/p>\n","protected":false},"excerpt":{"rendered":"<p class=\"p1\"><strong data-start=\"259\" data-end=\"287\">Mitwachsender Tisch DORI<\/strong> \u2013 der stilvolle, h\u00f6henverstellbare Kindertisch f\u00fcr kreative K\u00f6pfe ab 10 Monaten.<\/p>\n\t<section class=\"section\" id=\"section_1244436081\">\n\t\t<div class=\"bg section-bg fill bg-fill  bg-loaded\" >\n\n\t\t\t\n\t\t\t\n\t\t\t\n\n\t\t<\/div>\n\n\t\t\n\n\t\t<div class=\"section-content relative\">\n\t\t\t\n\n\n\n\t\t<\/div>\n\n\t\t\n<style>\n#section_1244436081 {\n  padding-top: 0px;\n  padding-bottom: 0px;\n}\n#section_1244436081 .ux-shape-divider--top svg {\n  height: 150px;\n  --divider-top-width: 100%;\n}\n#section_1244436081 .ux-shape-divider--bottom svg {\n  height: 150px;\n  --divider-width: 100%;\n}\n<\/style>\n\t<\/section>\n\t\n","protected":false},"featured_media":1832,"comment_status":"open","ping_status":"closed","template":"","meta":[],"product_brand":[],"product_cat":[37,73],"product_tag":[],"class_list":{"0":"post-1887","1":"product","2":"type-product","3":"status-publish","4":"has-post-thumbnail","6":"product_cat-kindermobel","7":"product_cat-kindertische-und-stuehle","9":"first","10":"instock","11":"taxable","12":"shipping-taxable","13":"purchasable","14":"product-type-simple"},"_links":{"self":[{"href":"https:\/\/petinka.com\/de\/wp-json\/wp\/v2\/product\/1887","targetHints":{"allow":["GET"]}}],"collection":[{"href":"https:\/\/petinka.com\/de\/wp-json\/wp\/v2\/product"}],"about":[{"href":"https:\/\/petinka.com\/de\/wp-json\/wp\/v2\/types\/product"}],"replies":[{"embeddable":true,"href":"https:\/\/petinka.com\/de\/wp-json\/wp\/v2\/comments?post=1887"}],"wp:featuredmedia":[{"embeddable":true,"href":"https:\/\/petinka.com\/de\/wp-json\/wp\/v2\/media\/1832"}],"wp:attachment":[{"href":"https:\/\/petinka.com\/de\/wp-json\/wp\/v2\/media?parent=1887"}],"wp:term":[{"taxonomy":"product_brand","embeddable":true,"href":"https:\/\/petinka.com\/de\/wp-json\/wp\/v2\/product_brand?post=1887"},{"taxonomy":"product_cat","embeddable":true,"href":"https:\/\/petinka.com\/de\/wp-json\/wp\/v2\/product_cat?post=1887"},{"taxonomy":"product_tag","embeddable":true,"href":"https:\/\/petinka.com\/de\/wp-json\/wp\/v2\/product_tag?post=1887"}],"curies":[{"name":"wp","href":"https:\/\/api.w.org\/{rel}","templated":true}]}}