{"id":1886,"date":"2022-12-12T22:46:54","date_gmt":"2022-12-12T23:43:22","guid":{"rendered":"https:\/\/petinka.com\/?post_type=product&#038;p=1886"},"modified":"2025-08-13T14:57:26","modified_gmt":"2025-08-13T14:57:26","slug":"mitwachsender-stuhl","status":"publish","type":"product","link":"https:\/\/petinka.com\/de\/produkt\/mitwachsender-stuhl\/","title":{"rendered":"Mitwachsender Stuhl DORI \u2013 Ergonomisch &#038; Verstellbar ab 10 Monaten"},"content":{"rendered":"<p data-start=\"870\" data-end=\"1105\"><strong data-start=\"870\" data-end=\"1105\">Der mitwachsende Stuhl DORI ist eine ergonomische Sitzl\u00f6sung f\u00fcr Kinder ab ca. 10 Monaten bis etwa 5 Jahre. Mit einer besonders niedrigen Sitzh\u00f6he von nur 14 cm bietet er bereits den Kleinsten sicheren Halt und komfortables Sitzen.<\/strong><\/p>\n<p data-start=\"1107\" data-end=\"1317\"><strong data-start=\"1107\" data-end=\"1317\">Die Sitzfl\u00e4che mit R\u00fcckenlehne l\u00e4sst sich ohne Werkzeug in mehreren H\u00f6hen einstellen \u2013 so w\u00e4chst der Stuhl mit dem Kind mit und unterst\u00fctzt stets eine gesunde K\u00f6rperhaltung beim Spielen, Basteln oder Essen.<\/strong><\/p>\n<p data-start=\"1319\" data-end=\"1540\"><strong data-start=\"1319\" data-end=\"1540\">DORI \u00fcberzeugt nicht nur durch Funktionalit\u00e4t, sondern auch durch schlichtes Design, abgerundete Kanten und nat\u00fcrliche Oberfl\u00e4chen. Ein idealer Begleiter f\u00fcr moderne Familien, die Wert auf \u00c4sthetik und Qualit\u00e4t legen.<\/strong><\/p>\n<p data-start=\"923\" data-end=\"1121\"><b>Ma\u00dfe des Stuhls<\/b><\/p>\n<p class=\"p1\">H\u00f6he: 54,5 cm<\/p>\n<p class=\"p1\">Breite: 36 cm<\/p>\n<p class=\"p1\">Tiefe: 39,5 cm<\/p>\n<p class=\"p3\"><b>Ma\u00dfe des Sitzes<\/b><\/p>\n<p class=\"p1\">28 x 30 cm<\/p>\n<p class=\"p3\"><b>H\u00f6he des Sitzes<\/b><\/p>\n<p class=\"p1\">H\u00f6henniveau 1 &#8211; 14 cm<\/p>\n<p class=\"p1\">H\u00f6henniveau 2 &#8211; 19 cm<\/p>\n<p class=\"p1\">H\u00f6henniveau 3 &#8211; 24 cm<\/p>\n","protected":false},"excerpt":{"rendered":"<p class=\"p1\">DORI ist ein stilvoller, mitwachsender Stuhl aus stabilem Schichtholz. Ergonomisch geformt, h\u00f6henverstellbar und geeignet f\u00fcr Kinder ab 10 Monaten bis ca. 5 Jahre.<\/p>\n\t<section class=\"section\" id=\"section_71143651\">\n\t\t<div class=\"bg section-bg fill bg-fill  bg-loaded\" >\n\n\t\t\t\n\t\t\t\n\t\t\t\n\n\t\t<\/div>\n\n\t\t\n\n\t\t<div class=\"section-content relative\">\n\t\t\t\n\n\n\n\t\t<\/div>\n\n\t\t\n<style>\n#section_71143651 {\n  padding-top: 0px;\n  padding-bottom: 0px;\n}\n#section_71143651 .ux-shape-divider--top svg {\n  height: 150px;\n  --divider-top-width: 100%;\n}\n#section_71143651 .ux-shape-divider--bottom svg {\n  height: 150px;\n  --divider-width: 100%;\n}\n<\/style>\n\t<\/section>\n\t\n","protected":false},"featured_media":1872,"comment_status":"open","ping_status":"closed","template":"","meta":[],"product_brand":[],"product_cat":[37,73],"product_tag":[],"class_list":{"0":"post-1886","1":"product","2":"type-product","3":"status-publish","4":"has-post-thumbnail","6":"product_cat-kindermobel","7":"product_cat-kindertische-und-stuehle","9":"first","10":"instock","11":"taxable","12":"shipping-taxable","13":"purchasable","14":"product-type-simple"},"_links":{"self":[{"href":"https:\/\/petinka.com\/de\/wp-json\/wp\/v2\/product\/1886","targetHints":{"allow":["GET"]}}],"collection":[{"href":"https:\/\/petinka.com\/de\/wp-json\/wp\/v2\/product"}],"about":[{"href":"https:\/\/petinka.com\/de\/wp-json\/wp\/v2\/types\/product"}],"replies":[{"embeddable":true,"href":"https:\/\/petinka.com\/de\/wp-json\/wp\/v2\/comments?post=1886"}],"wp:featuredmedia":[{"embeddable":true,"href":"https:\/\/petinka.com\/de\/wp-json\/wp\/v2\/media\/1872"}],"wp:attachment":[{"href":"https:\/\/petinka.com\/de\/wp-json\/wp\/v2\/media?parent=1886"}],"wp:term":[{"taxonomy":"product_brand","embeddable":true,"href":"https:\/\/petinka.com\/de\/wp-json\/wp\/v2\/product_brand?post=1886"},{"taxonomy":"product_cat","embeddable":true,"href":"https:\/\/petinka.com\/de\/wp-json\/wp\/v2\/product_cat?post=1886"},{"taxonomy":"product_tag","embeddable":true,"href":"https:\/\/petinka.com\/de\/wp-json\/wp\/v2\/product_tag?post=1886"}],"curies":[{"name":"wp","href":"https:\/\/api.w.org\/{rel}","templated":true}]}}