{"id":1586,"date":"2022-05-18T12:25:07","date_gmt":"2022-05-18T12:25:08","guid":{"rendered":"https:\/\/petinka.com\/?post_type=product&#038;p=1586"},"modified":"2024-08-23T14:10:38","modified_gmt":"2024-08-23T14:10:38","slug":"petinka-basic-lernturm-weis","status":"publish","type":"product","link":"https:\/\/petinka.com\/de\/produkt\/petinka-basic-lernturm-weis\/","title":{"rendered":"PETINKA Basic Lernturm \u2013 wei\u00df"},"content":{"rendered":"\t<section class=\"section\" id=\"section_723464745\">\n\t\t<div class=\"bg section-bg fill bg-fill  bg-loaded\" >\n\n\t\t\t\n\t\t\t\n\t\t\t\n\n\t\t<\/div>\n\n\t\t\n\n\t\t<div class=\"section-content relative\">\n\t\t\t\n<div class=\"row\"  id=\"row-46825268\">\n\n\t<div id=\"col-1561865930\" class=\"col small-12 large-12\"  >\n\t\t\t\t<div class=\"col-inner\"  >\n\t\t\t\n\t\t\t\n<h2 class=\"uppercase\" style=\"text-align: center;\">Wei\u00dfer Petinka Lernturm<\/h2>\n<p style=\"text-align: center;\"><strong>Ein geschickter Kumpel f\u00fcr Ihren Knirps.<\/strong><\/p>\n<p style=\"text-align: center;\"><strong><br \/>\n<\/strong>PETINKA Lernturm schafft die besten Voraussetzungen f\u00fcr Kinder, die die neuen F\u00e4higkeiten und Kenntnisse mit ihren eigenen Kr\u00e4ften und Tempo erwerben k\u00f6nnen. PETINKA wird zu Ihrem Helfer \u00fcberall. Doch, meistens in der K\u00fcche.<\/p>\n\t\t<\/div>\n\t\t\t\t\t<\/div>\n\n\t\n\n\t<div id=\"col-1907049163\" class=\"col medium-4 small-12 large-4\"  >\n\t\t\t\t<div class=\"col-inner\"  >\n\t\t\t\n\t\t\t\n\n\t\t<div class=\"icon-box featured-box icon-box-center text-center\"  >\n\t\t\t\t\t<div class=\"icon-box-img\" style=\"width: 50px\">\n\t\t\t\t<div class=\"icon\">\n\t\t\t\t\t<div class=\"icon-inner\" >\n\t\t\t\t\t\t<img decoding=\"async\" width=\"1\" height=\"1\" src=\"https:\/\/petinka.com\/wp-content\/uploads\/2021\/06\/set-icons-petinka-brown-09.svg\" class=\"attachment-medium size-medium\" alt=\"\" \/>\t\t\t\t\t<\/div>\n\t\t\t\t<\/div>\n\t\t\t<\/div>\n\t\t\t\t<div class=\"icon-box-text last-reset\">\n\t\t\t\t\t\t\t\t\t\n<h4 class=\"uppercase\" style=\"text-align: center;\"><strong>Vielf\u00e4ltig<\/strong><\/h4>\n<p style=\"text-align: center;\">PETINKA kann je nach Alter, Gr\u00f6\u00dfe und Geschicklichkeit des Kindes angepasst werden. Von einer Version mit vier Sicherheitsw\u00e4nden f\u00fcr die kleinsten Kinder bis hin zu einem klassischen Lernturm mit seitlicher Leiter, dank der das Kind den Turm frei hinauf- und hinunterklettern kann.<\/p>\n\t\t<\/div>\n\t<\/div>\n\t\n\t\n\t\t<\/div>\n\t\t\t\t\t<\/div>\n\n\t\n\n\t<div id=\"col-554947965\" class=\"col medium-4 small-12 large-4\"  >\n\t\t\t\t<div class=\"col-inner\"  >\n\t\t\t\n\t\t\t\n\n\t\t<div class=\"icon-box featured-box icon-box-center text-center\"  >\n\t\t\t\t\t<div class=\"icon-box-img\" style=\"width: 50px\">\n\t\t\t\t<div class=\"icon\">\n\t\t\t\t\t<div class=\"icon-inner\" >\n\t\t\t\t\t\t<img decoding=\"async\" width=\"1\" height=\"1\" src=\"https:\/\/petinka.com\/wp-content\/uploads\/2021\/06\/set-icons-petinka-brown-10.svg\" class=\"attachment-medium size-medium\" alt=\"\" \/>\t\t\t\t\t<\/div>\n\t\t\t\t<\/div>\n\t\t\t<\/div>\n\t\t\t\t<div class=\"icon-box-text last-reset\">\n\t\t\t\t\t\t\t\t\t\n<h4 class=\"uppercase\">Qualit\u00e4tszeit mit Ihrem Kind<\/h4>\n<p>PETINKA Lernturm bietet Kindern eine andere Perspektive auf die K\u00fcchenarbeitsplatte. Und da gibt&#8217;s sicher was zum Beobachten! Im Lernturm entdeckt das Kind neue Dinge und Geschm\u00e4cke, entwickelt seine Feinmotorik, f\u00f6rdert seine Selbstst\u00e4ndigkeit und macht beim Kochen aktiv mit.<\/p>\n\t\t<\/div>\n\t<\/div>\n\t\n\t\n\t\t<\/div>\n\t\t\t\t\t<\/div>\n\n\t\n\n\t<div id=\"col-1992394323\" class=\"col medium-4 small-12 large-4\"  >\n\t\t\t\t<div class=\"col-inner\"  >\n\t\t\t\n\t\t\t\n\n\t\t<div class=\"icon-box featured-box icon-box-center text-center\"  >\n\t\t\t\t\t<div class=\"icon-box-img\" style=\"width: 50px\">\n\t\t\t\t<div class=\"icon\">\n\t\t\t\t\t<div class=\"icon-inner\" >\n\t\t\t\t\t\t<img decoding=\"async\" width=\"1\" height=\"1\" src=\"https:\/\/petinka.com\/wp-content\/uploads\/2021\/06\/set-icons-petinka-brown-11.svg\" class=\"attachment-medium size-medium\" alt=\"\" \/>\t\t\t\t\t<\/div>\n\t\t\t\t<\/div>\n\t\t\t<\/div>\n\t\t\t\t<div class=\"icon-box-text last-reset\">\n\t\t\t\t\t\t\t\t\t\n<h4 class=\"uppercase\"><strong>2in1<\/strong><\/h4>\n<p>Die R\u00fcckwand des Lernturms ist abnehmbar. Wir haben sie mit einer Ready to Activity-Wand ausgestattet, die als eigenst\u00e4ndige Plattform f\u00fcr Spielen funktioniert und kann st\u00e4ndig an Ihre Kinder anpasst werden. Kleine Lausbuben nutzen sie am meisten, wenn Sie sich entspannen m\u00f6chten.<\/p>\n\t\t<\/div>\n\t<\/div>\n\t\n\t\n\t\t<\/div>\n\t\t\t\t\t<\/div>\n\n\t\n<\/div>\n\t\t<\/div>\n\n\t\t\n<style>\n#section_723464745 {\n  padding-top: 42px;\n  padding-bottom: 42px;\n  background-color: rgb(255, 255, 255);\n}\n#section_723464745 .ux-shape-divider--top svg {\n  height: 150px;\n  --divider-top-width: 100%;\n}\n#section_723464745 .ux-shape-divider--bottom svg {\n  height: 150px;\n  --divider-width: 100%;\n}\n<\/style>\n\t<\/section>\n\t\n\t<section class=\"section\" id=\"section_831455530\">\n\t\t<div class=\"bg section-bg fill bg-fill  bg-loaded\" >\n\n\t\t\t\n\t\t\t\n\t\t\t\n\n\t\t<\/div>\n\n\t\t\n\n\t\t<div class=\"section-content relative\">\n\t\t\t\n<div class=\"row\"  id=\"row-594118836\">\n\n\t<div id=\"col-1834314532\" class=\"col small-12 large-12\"  >\n\t\t\t\t<div class=\"col-inner\"  >\n\t\t\t\n\t\t\t\n<h3 class=\"uppercase\" style=\"text-align: center;\">6 Gr\u00fcnde f\u00fcr PETINKA Lernturm<\/h3>\n\t\t<\/div>\n\t\t\t\t\t<\/div>\n\n\t\n<\/div>\n\t<div id=\"gap-2066075279\" class=\"gap-element clearfix\" style=\"display:block; height:auto;\">\n\t\t\n<style>\n#gap-2066075279 {\n  padding-top: 30px;\n}\n<\/style>\n\t<\/div>\n\t\n<div class=\"row\"  id=\"row-1353830046\">\n\n\t<div id=\"col-932204940\" class=\"col medium-4 small-12 large-4\"  >\n\t\t\t\t<div class=\"col-inner\"  >\n\t\t\t\n\t\t\t\n\n\t\t<div class=\"icon-box featured-box icon-box-center text-center\"  >\n\t\t\t\t\t<div class=\"icon-box-img\" style=\"width: 90px\">\n\t\t\t\t<div class=\"icon\">\n\t\t\t\t\t<div class=\"icon-inner\" >\n\t\t\t\t\t\t<img decoding=\"async\" width=\"1\" height=\"1\" src=\"https:\/\/petinka.com\/wp-content\/uploads\/2021\/06\/set-icons-petinka-brown-05.svg\" class=\"attachment-medium size-medium\" alt=\"\" \/>\t\t\t\t\t<\/div>\n\t\t\t\t<\/div>\n\t\t\t<\/div>\n\t\t\t\t<div class=\"icon-box-text last-reset\">\n\t\t\t\t\t\t\t\t\t\n<h4 style=\"text-align: center;\"><strong>Erfahrener Hersteller<\/strong><\/h4>\n\t\t<\/div>\n\t<\/div>\n\t\n\t\n\t\t<\/div>\n\t\t\t\t\t<\/div>\n\n\t\n\n\t<div id=\"col-816694287\" class=\"col medium-4 small-12 large-4\"  >\n\t\t\t\t<div class=\"col-inner\"  >\n\t\t\t\n\t\t\t\n\n\t\t<div class=\"icon-box featured-box icon-box-center text-center\"  >\n\t\t\t\t\t<div class=\"icon-box-img\" style=\"width: 90px\">\n\t\t\t\t<div class=\"icon\">\n\t\t\t\t\t<div class=\"icon-inner\" >\n\t\t\t\t\t\t<img decoding=\"async\" width=\"1\" height=\"1\" src=\"https:\/\/petinka.com\/wp-content\/uploads\/2021\/06\/set-icons-petinka-brown-06.svg\" class=\"attachment-medium size-medium\" alt=\"\" \/>\t\t\t\t\t<\/div>\n\t\t\t\t<\/div>\n\t\t\t<\/div>\n\t\t\t\t<div class=\"icon-box-text last-reset\">\n\t\t\t\t\t\t\t\t\t\n<h4 style=\"text-align: center;\"><strong>5 Jahre Garantie<\/strong><\/h4>\n\t\t<\/div>\n\t<\/div>\n\t\n\t\n\t\t<\/div>\n\t\t\t\t\t<\/div>\n\n\t\n\n\t<div id=\"col-1457496705\" class=\"col medium-4 small-12 large-4\"  >\n\t\t\t\t<div class=\"col-inner\"  >\n\t\t\t\n\t\t\t\n\n\t\t<div class=\"icon-box featured-box icon-box-center text-center\"  >\n\t\t\t\t\t<div class=\"icon-box-img\" style=\"width: 90px\">\n\t\t\t\t<div class=\"icon\">\n\t\t\t\t\t<div class=\"icon-inner\" >\n\t\t\t\t\t\t<img decoding=\"async\" width=\"1\" height=\"1\" src=\"https:\/\/petinka.com\/wp-content\/uploads\/2021\/06\/set-icons-petinka-brown-11.svg\" class=\"attachment-medium size-medium\" alt=\"\" \/>\t\t\t\t\t<\/div>\n\t\t\t\t<\/div>\n\t\t\t<\/div>\n\t\t\t\t<div class=\"icon-box-text last-reset\">\n\t\t\t\t\t\t\t\t\t\n<h4 style=\"text-align: center;\"><strong>Originelles Design<\/strong><\/h4>\n\t\t<\/div>\n\t<\/div>\n\t\n\t\n\t\t<\/div>\n\t\t\t\t\t<\/div>\n\n\t\n\n<style>\n#row-1353830046 > .col > .col-inner {\n  padding: 0px 0px 25px 0px;\n}\n<\/style>\n<\/div>\n<div class=\"row\"  id=\"row-1319726080\">\n\n\t<div id=\"col-1352185503\" class=\"col medium-4 small-12 large-4\"  >\n\t\t\t\t<div class=\"col-inner\"  >\n\t\t\t\n\t\t\t\n\n\t\t<div class=\"icon-box featured-box icon-box-center text-center\"  >\n\t\t\t\t\t<div class=\"icon-box-img\" style=\"width: 90px\">\n\t\t\t\t<div class=\"icon\">\n\t\t\t\t\t<div class=\"icon-inner\" >\n\t\t\t\t\t\t<img decoding=\"async\" width=\"1\" height=\"1\" src=\"https:\/\/petinka.com\/wp-content\/uploads\/2021\/06\/set-icons-petinka-brown-03.svg\" class=\"attachment-medium size-medium\" alt=\"\" \/>\t\t\t\t\t<\/div>\n\t\t\t\t<\/div>\n\t\t\t<\/div>\n\t\t\t\t<div class=\"icon-box-text last-reset\">\n\t\t\t\t\t\t\t\t\t\n<h4 style=\"text-align: center;\"><strong>Erf\u00fcllt die Kriterien der strengsten Sicherheitszertifikationen f\u00fcr Spielzeug<\/strong><\/h4>\n\t\t<\/div>\n\t<\/div>\n\t\n\t\n\t\t<\/div>\n\t\t\t\t\t<\/div>\n\n\t\n\n\t<div id=\"col-304255140\" class=\"col medium-4 small-12 large-4\"  >\n\t\t\t\t<div class=\"col-inner\"  >\n\t\t\t\n\t\t\t\n\n\t\t<div class=\"icon-box featured-box icon-box-center text-center\"  >\n\t\t\t\t\t<div class=\"icon-box-img\" style=\"width: 90px\">\n\t\t\t\t<div class=\"icon\">\n\t\t\t\t\t<div class=\"icon-inner\" >\n\t\t\t\t\t\t<img decoding=\"async\" width=\"1\" height=\"1\" src=\"https:\/\/petinka.com\/wp-content\/uploads\/2021\/06\/set-icons-petinka-brown-01.svg\" class=\"attachment-medium size-medium\" alt=\"\" \/>\t\t\t\t\t<\/div>\n\t\t\t\t<\/div>\n\t\t\t<\/div>\n\t\t\t\t<div class=\"icon-box-text last-reset\">\n\t\t\t\t\t\t\t\t\t\n<h4 style=\"text-align: center;\"><strong>Hohe Qualit\u00e4t garantiert vom Familienunternehmen \u2013 Produkte, die von den Eltern f\u00fcr ihre eigenen Kinder entwickelt wurden<\/strong><\/h4>\n\t\t<\/div>\n\t<\/div>\n\t\n\t\n\t\t<\/div>\n\t\t\t\t\t<\/div>\n\n\t\n\n\t<div id=\"col-515315619\" class=\"col medium-4 small-12 large-4\"  >\n\t\t\t\t<div class=\"col-inner\"  >\n\t\t\t\n\t\t\t\n\n\t\t<div class=\"icon-box featured-box icon-box-center text-center\"  >\n\t\t\t\t\t<div class=\"icon-box-img\" style=\"width: 90px\">\n\t\t\t\t<div class=\"icon\">\n\t\t\t\t\t<div class=\"icon-inner\" >\n\t\t\t\t\t\t<img decoding=\"async\" width=\"1\" height=\"1\" src=\"https:\/\/petinka.com\/wp-content\/uploads\/2021\/06\/set-icons-petinka-brown-04.svg\" class=\"attachment-medium size-medium\" alt=\"\" \/>\t\t\t\t\t<\/div>\n\t\t\t\t<\/div>\n\t\t\t<\/div>\n\t\t\t\t<div class=\"icon-box-text last-reset\">\n\t\t\t\t\t\t\t\t\t\n<h4 style=\"text-align: center;\"><strong>Hergestellt im Herzen der Europ\u00e4ischen Union, aus Holz, mit Liebe und Ehrlichkeit<\/strong><\/h4>\n\t\t<\/div>\n\t<\/div>\n\t\n\t\n\t\t<\/div>\n\t\t\t\t\t<\/div>\n\n\t\n<\/div>\n\t\t<\/div>\n\n\t\t\n<style>\n#section_831455530 {\n  padding-top: 42px;\n  padding-bottom: 42px;\n}\n#section_831455530 .ux-shape-divider--top svg {\n  height: 150px;\n  --divider-top-width: 100%;\n}\n#section_831455530 .ux-shape-divider--bottom svg {\n  height: 150px;\n  --divider-width: 100%;\n}\n<\/style>\n\t<\/section>\n\t\n\t<section class=\"section\" id=\"section_1466486924\">\n\t\t<div class=\"bg section-bg fill bg-fill  bg-loaded\" >\n\n\t\t\t\n\t\t\t\n\t\t\t\n\n\t\t<\/div>\n\n\t\t\n\n\t\t<div class=\"section-content relative\">\n\t\t\t\n<div class=\"row\"  id=\"row-219447472\">\n\n\t<div id=\"col-1678753445\" class=\"col small-12 large-12\"  >\n\t\t\t\t<div class=\"col-inner\"  >\n\t\t\t\n\t\t\t\n<h3 style=\"text-align: center;\">Einmal sehen ist besser als hundertmal h\u00f6ren<\/h3>\n\t<div class=\"img has-hover x md-x lg-x y md-y lg-y\" id=\"image_1778966584\">\n\t\t<a class=\"\" href=\"https:\/\/youtu.be\/yIZgnq6YqFE\" target=\"_blank\" rel=\"noopener noreferrer\">\t\t\t\t\t\t<div class=\"img-inner dark\" >\n\t\t\t<img decoding=\"async\" width=\"800\" height=\"462\" src=\"https:\/\/petinka.com\/wp-content\/uploads\/2022\/04\/petinka-video-01.webp\" class=\"attachment-large size-large\" alt=\"\" srcset=\"https:\/\/petinka.com\/wp-content\/uploads\/2022\/04\/petinka-video-01.webp 800w, https:\/\/petinka.com\/wp-content\/uploads\/2022\/04\/petinka-video-01-600x347.webp 600w, https:\/\/petinka.com\/wp-content\/uploads\/2022\/04\/petinka-video-01-300x173.webp 300w, https:\/\/petinka.com\/wp-content\/uploads\/2022\/04\/petinka-video-01-768x444.webp 768w\" sizes=\"(max-width: 800px) 100vw, 800px\" \/>\t\t\t\t\t\t\n\t\t\t\t\t<\/div>\n\t\t\t\t\t\t<\/a>\t\t\n<style>\n#image_1778966584 {\n  width: 100%;\n}\n<\/style>\n\t<\/div>\n\t\n\t\t<\/div>\n\t\t\t\t\n<style>\n#col-1678753445 > .col-inner {\n  margin: 0px 0px 0px 0px;\n}\n<\/style>\n\t<\/div>\n\n\t\n<\/div>\n\t\t<\/div>\n\n\t\t\n<style>\n#section_1466486924 {\n  padding-top: 0px;\n  padding-bottom: 0px;\n}\n#section_1466486924 .ux-shape-divider--top svg {\n  height: 150px;\n  --divider-top-width: 100%;\n}\n#section_1466486924 .ux-shape-divider--bottom svg {\n  height: 150px;\n  --divider-width: 100%;\n}\n<\/style>\n\t<\/section>\n\t\n","protected":false},"excerpt":{"rendered":"<p>Wei\u00dfer Petinka Lernturm schafft die besten Voraussetzungen daf\u00fcr, dass sich ihre Kinder selbstst\u00e4ndig und mit eigenem Tempo neue F\u00e4higkeiten und Kenntnisse aneignen k\u00f6nnen. Petinka wird \u00fcberall Ihr Helfer sein.<\/p>\n<p><strong>Lernturm BASIC ist ein Basisturm ohne seitliche Sicherheitsw\u00e4nde. Das Kind kann den Turm mithilfe der Leiter auf beiden Seiten hinaufklettern.<\/strong><\/p>\n<p>Der Tritt ist h\u00f6henverstellbar (drei Ebenen).<\/p>\n<hr \/>\n<p>Alle unsere Produkte sind gepr\u00fcft und entsprechen den europ\u00e4ischen Sicherheitsnormen nach EN 71.<\/p>\n\t<section class=\"section\" id=\"section_1389669502\">\n\t\t<div class=\"bg section-bg fill bg-fill  bg-loaded\" >\n\n\t\t\t\n\t\t\t\n\t\t\t\n\n\t\t<\/div>\n\n\t\t\n\n\t\t<div class=\"section-content relative\">\n\t\t\t\n\n\n\n\t\t<\/div>\n\n\t\t\n<style>\n#section_1389669502 {\n  padding-top: 0px;\n  padding-bottom: 0px;\n}\n#section_1389669502 .ux-shape-divider--top svg {\n  height: 150px;\n  --divider-top-width: 100%;\n}\n#section_1389669502 .ux-shape-divider--bottom svg {\n  height: 150px;\n  --divider-width: 100%;\n}\n<\/style>\n\t<\/section>\n\t\n","protected":false},"featured_media":576,"comment_status":"open","ping_status":"closed","template":"","meta":[],"product_brand":[],"product_cat":[34],"product_tag":[],"class_list":{"0":"post-1586","1":"product","2":"type-product","3":"status-publish","4":"has-post-thumbnail","6":"product_cat-lernturme","8":"first","9":"instock","10":"taxable","11":"shipping-taxable","12":"purchasable","13":"product-type-simple"},"_links":{"self":[{"href":"https:\/\/petinka.com\/de\/wp-json\/wp\/v2\/product\/1586","targetHints":{"allow":["GET"]}}],"collection":[{"href":"https:\/\/petinka.com\/de\/wp-json\/wp\/v2\/product"}],"about":[{"href":"https:\/\/petinka.com\/de\/wp-json\/wp\/v2\/types\/product"}],"replies":[{"embeddable":true,"href":"https:\/\/petinka.com\/de\/wp-json\/wp\/v2\/comments?post=1586"}],"wp:featuredmedia":[{"embeddable":true,"href":"https:\/\/petinka.com\/de\/wp-json\/wp\/v2\/media\/576"}],"wp:attachment":[{"href":"https:\/\/petinka.com\/de\/wp-json\/wp\/v2\/media?parent=1586"}],"wp:term":[{"taxonomy":"product_brand","embeddable":true,"href":"https:\/\/petinka.com\/de\/wp-json\/wp\/v2\/product_brand?post=1586"},{"taxonomy":"product_cat","embeddable":true,"href":"https:\/\/petinka.com\/de\/wp-json\/wp\/v2\/product_cat?post=1586"},{"taxonomy":"product_tag","embeddable":true,"href":"https:\/\/petinka.com\/de\/wp-json\/wp\/v2\/product_tag?post=1586"}],"curies":[{"name":"wp","href":"https:\/\/api.w.org\/{rel}","templated":true}]}}