{"id":737,"date":"2022-02-24T12:01:14","date_gmt":"2022-02-24T12:01:14","guid":{"rendered":"https:\/\/petinka.com\/?page_id=737"},"modified":"2022-06-08T13:50:57","modified_gmt":"2022-06-08T13:50:57","slug":"ruecktritt-vom-vertrag","status":"publish","type":"page","link":"https:\/\/petinka.com\/de\/ruecktritt-vom-vertrag\/","title":{"rendered":"R\u00fccktritt Vom Vertrag"},"content":{"rendered":"\t<section class=\"section\" id=\"section_1988353672\">\n\t\t<div class=\"bg section-bg fill bg-fill  bg-loaded\" >\n\n\t\t\t\n\t\t\t\n\t\t\t\n\n\t\t<\/div>\n\n\t\t\n\n\t\t<div class=\"section-content relative\">\n\t\t\t\n<div class=\"row\"  id=\"row-1457738309\">\n\n\t<div id=\"col-377368991\" class=\"col small-12 large-12\"  >\n\t\t\t\t<div class=\"col-inner\"  >\n\t\t\t\n\t\t\t\n<div class=\"container section-title-container\" ><h1 class=\"section-title section-title-center\"><b><\/b><span class=\"section-title-main\" >R\u00fccktritt Vom Vertrag<\/span><b><\/b><\/h1><\/div>\n<p><strong>BELEHRUNG \u00dcBER DIE GELTENDMACHUNG DES RECHTES DES VERBRAUCHERS AUF R\u00dcCKTRITT VOM VERTRAG<\/strong><\/p>\n<ol>\n<li><strong>Recht auf R\u00fccktritt vom Vertrag<\/strong><\/li>\n<\/ol>\n<ul>\n<li>Sie haben das Recht, von diesem Vertrag innerhalb von 14 Tagen ohne Grundangabe zur\u00fcckzutreten.<\/li>\n<li>Die Frist f\u00fcr den R\u00fccktritt vom Vertrag ist nach 14 Tagen ab dem Tag der \u00dcbernahme der Ware durch Sie oder durch einen durch Sie beauftragten Dritten, ausgenommen des Bef\u00f6rderers, abgelaufen.<\/li>\n<li>Bei der Geltendmachung des Rechts auf R\u00fccktritt vom Vertrag informieren Sie uns \u00fcber Ihre Entscheidung, von diesem Vertrag zur\u00fcckzutreten, mit einer eindeutigen Erkl\u00e4rung (z. B. mit einem per Post gesendeten Schreiben oder per E-Mail) an die Adresse: <span lang=\"en-US\"><strong>Petinka s.r.o., Klincov\u00e1 21, 821 08 Bratislava, Slowakei.<\/strong><\/span>.<\/li>\n<li>Wenn Sie Interesse haben, k\u00f6nnen Sie das Musterformular f\u00fcr den R\u00fccktritt vom Vertrag ausf\u00fcllen oder jede andere eindeutige Erkl\u00e4rung \u00fcber den R\u00fccktritt vom Vertrag benutzen und dieses\/diese auch elektronisch \u00fcber unsere Website [die Adresse der Websites einzugeben] absenden. Wenn Sie diese M\u00f6glichkeit nutzen, werden wir Ihnen den Empfang des R\u00fccktrittes vom Vertrag unverz\u00fcglich per E-Mail best\u00e4tigen.<\/li>\n<li>Die Frist f\u00fcr den R\u00fccktritt vom Vertrag gilt als eingehalten, wenn Sie die Mitteilung \u00fcber die Geltendmachung des Rechts auf R\u00fccktritt vom Vertrag vor dem Ablauf der Frist f\u00fcr den R\u00fccktritt vom Vertrag absenden.<\/li>\n<\/ul>\n<ol start=\"2\">\n<li><strong>Folgen des R\u00fccktrittes vom Vertrag<\/strong><\/li>\n<\/ol>\n<ul>\n<li>Nach dem R\u00fccktritt vom Vertrag werden wir Ihnen s\u00e4mtliche Zahlungen, die Sie im Zusammenhang mit dem Vertragsabschluss bezahlt haben, vor allem den Kaufpreis einschlie\u00dflich der Kosten f\u00fcr die Warenabsendung an uns, zur\u00fcckzahlen. Das bezieht sich nicht auf zus\u00e4tzliche Kosten, falls Sie eine andere als die billigste \u00fcbliche von uns angebotene Versandart gew\u00e4hlt haben. Die Zahlungen werden Ihnen unverz\u00fcglich, sp\u00e4testens innerhalb von 14 Tagen ab dem Tag, an dem uns Ihre Mitteilung \u00fcber den R\u00fccktritt von diesem Vertrag zugestellt worden ist, zur\u00fcckgezahlt. Die R\u00fcckzahlung wird in der gleichen Art, wie Sie bei Ihrer Zahlung verwendet haben, erfolgen, ohne dass Ihnen irgendwelche weitere Geb\u00fchren in Rechnung gestellt werden.<\/li>\n<li>Die R\u00fcckzahlung f\u00fcr die gekaufte Ware wird erst nach der Zustellung des zur\u00fcckgesendeten Ware an unsere Adresse oder nach der Vorlage des Belegs, welches die Warenabsendung nachweist, je nachdem, was fr\u00fcher kommt, erfolgen.<\/li>\n<li>Senden Sie uns die Ware zur\u00fcck oder bringen Sie sie an unsere Adresse oder \u00fcbergeben Sie sie sp\u00e4testens innerhalb von 14 Tagen ab dem Tag der Geltendmachung des Rechts auf R\u00fccktritt vom Vertrag. Die Frist gilt als eingehalten, wenn Sie die Ware vor dem Ablauf der 14-t\u00e4gigen Frist zur\u00fccksenden.<\/li>\n<li>Die direkten Kosten f\u00fcr das Retournieren der Ware tragen Sie.<\/li>\n<li>Sie verantworten nur f\u00fcr jegliche Reduktion des Warenwertes infolge der Behandlung der Ware in einer anderen als zur Feststellung der Natur, der Eigenschaften und Funktionsf\u00e4higkeit der Ware erforderlichen Art.<\/li>\n<\/ul>\n<p><strong>MUSTERFORMULAR F\u00dcR DEN R\u00dcCKTRITT VOM VERTRAG<\/strong><\/p>\n<p>(f\u00fcllen Sie dieses Formular aus und senden Sie es ab nur falls Sie w\u00fcnschen, vom Vertrag zur\u00fcckzutreten)<\/p>\n<p>Firmenname und Sitz oder Unternehmensort, wenn es sich um eine juristische Person handelt, und E-Mail-Adresse:<\/p>\n<p>Hiermit teile ich\/teilen wir mit*, dass ich vom Vertrag \u00fcber folgende Ware zur\u00fccktrete\/zur\u00fccktreten*:<\/p>\n<p>Datum der Bestellung\/Datum des Empfangs*:<\/p>\n<p>Vor- und Nachname des Verbrauchers\/der Verbraucher*:<\/p>\n<p>Adresse des Verbrauchers\/der Verbraucher*:<\/p>\n<p>Unterschrift des Verbrauchers\/der Verbraucher*: (nur wenn dieses Formular in der urkundlichen Form eingereicht wird):<\/p>\n<p>Datum<\/p>\n<p>* Unzutreffendes durchzustreichen<\/p>\n\t\t<\/div>\n\t\t\t\t\t<\/div>\n\n\t\n<\/div>\n\t\t<\/div>\n\n\t\t\n<style>\n#section_1988353672 {\n  padding-top: 30px;\n  padding-bottom: 30px;\n}\n#section_1988353672 .ux-shape-divider--top svg {\n  height: 150px;\n  --divider-top-width: 100%;\n}\n#section_1988353672 .ux-shape-divider--bottom svg {\n  height: 150px;\n  --divider-width: 100%;\n}\n<\/style>\n\t<\/section>\n\t\n","protected":false},"excerpt":{"rendered":"","protected":false},"author":1,"featured_media":519,"parent":0,"menu_order":0,"comment_status":"closed","ping_status":"closed","template":"","meta":{"footnotes":""},"class_list":["post-737","page","type-page","status-publish","has-post-thumbnail","hentry"],"_links":{"self":[{"href":"https:\/\/petinka.com\/de\/wp-json\/wp\/v2\/pages\/737","targetHints":{"allow":["GET"]}}],"collection":[{"href":"https:\/\/petinka.com\/de\/wp-json\/wp\/v2\/pages"}],"about":[{"href":"https:\/\/petinka.com\/de\/wp-json\/wp\/v2\/types\/page"}],"author":[{"embeddable":true,"href":"https:\/\/petinka.com\/de\/wp-json\/wp\/v2\/users\/1"}],"replies":[{"embeddable":true,"href":"https:\/\/petinka.com\/de\/wp-json\/wp\/v2\/comments?post=737"}],"version-history":[{"count":0,"href":"https:\/\/petinka.com\/de\/wp-json\/wp\/v2\/pages\/737\/revisions"}],"wp:featuredmedia":[{"embeddable":true,"href":"https:\/\/petinka.com\/de\/wp-json\/wp\/v2\/media\/519"}],"wp:attachment":[{"href":"https:\/\/petinka.com\/de\/wp-json\/wp\/v2\/media?parent=737"}],"curies":[{"name":"wp","href":"https:\/\/api.w.org\/{rel}","templated":true}]}}