{"id":1740,"date":"2022-07-15T10:01:15","date_gmt":"2022-07-15T10:01:15","guid":{"rendered":"https:\/\/petinka.com\/?page_id=1740"},"modified":"2022-07-15T10:01:36","modified_gmt":"2022-07-15T10:01:36","slug":"impressum","status":"publish","type":"page","link":"https:\/\/petinka.com\/de\/impressum\/","title":{"rendered":"Impressum"},"content":{"rendered":"\t<section class=\"section\" id=\"section_503314156\">\n\t\t<div class=\"bg section-bg fill bg-fill  bg-loaded\" >\n\n\t\t\t\n\t\t\t\n\t\t\t\n\n\t\t<\/div>\n\n\t\t\n\n\t\t<div class=\"section-content relative\">\n\t\t\t\n<div class=\"row\"  id=\"row-1885128410\">\n\n\t<div id=\"col-428539453\" class=\"col small-12 large-12\"  >\n\t\t\t\t<div class=\"col-inner\"  >\n\t\t\t\n\t\t\t\n<h1 style=\"text-align: center;\">IMPRESSUM<\/h1>\n<p>Dieser Onlineshop wird betrieben von:<\/p>\n<p class=\"bold\">Petinka GmbH.<br \/>\nKlincova Stra\u00dfe 21, 821 08<br \/>\n821 08 Bratislava SLOWAKEI<\/p>\n<p>Vertretungsberechtigter: Robert Jedlicka<\/p>\n<div class=\"show\">\n<div class=\"clear-left m-t--s-r\">\n<div class=\"float-l w--50px\">Tel.<\/div>\n<div class=\"float-l\"><a href=\"tel:+ 421907757406\">+ 421 907 757 406<\/a><\/div>\n<div><\/div>\n<\/div>\n<div class=\"clear-left m-t--s-r\">\n<div class=\"float-l w--50px\">E-Mail:<\/div>\n<div class=\"float-l\"><a href=\"mailto:info@petinka.com\">info@petinka.com<\/a><\/div>\n<div><\/div>\n<\/div>\n<\/div>\n<div class=\"bold m-t--m-r\">Registergericht:<\/div>\n<div>Einlage-Nr. 117947\/B Amtsgericht Bratislava,<\/div>\n<div class=\"m-t--m-r\">Umsatzsteuer-Identifikationsnummer: SK2120461332<\/div>\n<p class=\"bold\">Au\u00dfergerichtliche Streitbeilegung gem\u00e4\u00df Art. 14 Abs. 1 ODR-VO<\/p>\n<p>Die Europ\u00e4ische Kommission stellt eine Plattform zur Online-Streitbeilegung (OS) bereit, die Sie unter\u00a0<a href=\"https:\/\/ec.europa.eu\/consumers\/odr\/\" target=\"_blank\" rel=\"noopener noreferrer\">https:\/\/ec.europa.eu\/consumers\/odr\/<\/a>\u00a0finden. Verbraucher haben die M\u00f6glichkeit, sich f\u00fcr die Beilegung ihrer Streitigkeiten an Zentrum f\u00fcr Europ\u00e4ischen Verbraucherschutz e.V. Bahnhofsplatz 3 77694 Kehl,\u00a0<a href=\"http:\/\/www.online-schlichter.de\/\" target=\"_blank\" rel=\"noopener\">www.online-schlichter.de<\/a>\u00a0zu wenden. Wir sind verpflichtet, an Verfahren zur Streitbeilegung vor dieser Stelle teilzunehmen. Wir werden an einem solchen Verfahren teilnehmen.<\/p>\n<div id=\"newitems\" class=\"area_bg-l m-t--m\"><\/div>\n<p>&nbsp;<\/p>\n\t\t<\/div>\n\t\t\t\t\t<\/div>\n\n\t\n<\/div>\n\t\t<\/div>\n\n\t\t\n<style>\n#section_503314156 {\n  padding-top: 30px;\n  padding-bottom: 30px;\n}\n#section_503314156 .ux-shape-divider--top svg {\n  height: 150px;\n  --divider-top-width: 100%;\n}\n#section_503314156 .ux-shape-divider--bottom svg {\n  height: 150px;\n  --divider-width: 100%;\n}\n<\/style>\n\t<\/section>\n\t\n","protected":false},"excerpt":{"rendered":"","protected":false},"author":1,"featured_media":0,"parent":0,"menu_order":0,"comment_status":"closed","ping_status":"closed","template":"","meta":{"footnotes":""},"class_list":["post-1740","page","type-page","status-publish","hentry"],"_links":{"self":[{"href":"https:\/\/petinka.com\/de\/wp-json\/wp\/v2\/pages\/1740","targetHints":{"allow":["GET"]}}],"collection":[{"href":"https:\/\/petinka.com\/de\/wp-json\/wp\/v2\/pages"}],"about":[{"href":"https:\/\/petinka.com\/de\/wp-json\/wp\/v2\/types\/page"}],"author":[{"embeddable":true,"href":"https:\/\/petinka.com\/de\/wp-json\/wp\/v2\/users\/1"}],"replies":[{"embeddable":true,"href":"https:\/\/petinka.com\/de\/wp-json\/wp\/v2\/comments?post=1740"}],"version-history":[{"count":0,"href":"https:\/\/petinka.com\/de\/wp-json\/wp\/v2\/pages\/1740\/revisions"}],"wp:attachment":[{"href":"https:\/\/petinka.com\/de\/wp-json\/wp\/v2\/media?parent=1740"}],"curies":[{"name":"wp","href":"https:\/\/api.w.org\/{rel}","templated":true}]}}